{"id":3,"date":"2025-03-05T12:05:36","date_gmt":"2025-03-05T04:05:36","guid":{"rendered":"http:\/\/www.lctc-group.com\/?page_id=3"},"modified":"2025-03-28T11:46:17","modified_gmt":"2025-03-28T03:46:17","slug":"privacy-policy","status":"publish","type":"page","link":"https:\/\/www.lctc-group.com\/bs\/privacy-policy\/","title":{"rendered":"Politika privatnosti"},"content":{"rendered":"<div data-elementor-type=\"wp-page\" data-elementor-id=\"3\" class=\"elementor elementor-3\" data-elementor-post-type=\"page\">\n\t\t\t\t<div class=\"elementor-element elementor-element-6c122b96 e-flex e-con-boxed e-con e-parent\" data-id=\"6c122b96\" data-element_type=\"container\">\n\t\t\t\t\t<div class=\"e-con-inner\">\n\t\t\t\t<div class=\"elementor-element elementor-element-765350d4 elementor-widget elementor-widget-text-editor\" data-id=\"765350d4\" data-element_type=\"widget\" data-widget_type=\"text-editor.default\">\n\t\t\t\t<div class=\"elementor-widget-container\">\n\t\t\t\t\t\t\t\t\t\r\n<p data-pm-slice=\"1 1 []\"><strong>Politika privatnosti<\/strong><\/p>\r\n<p>Datum stupanja na snagu: 1. januara 2025<\/p>\r\n<p>Dobrodo\u0161li u LCTC (\"mi\" \"\" na\u0161a \"ili\" nas \").\u00a0<a>https:\/\/www.lctc-group.com\/<\/a>\u00a0(\"stranica\").<\/p>\r\n<h3 class=\"wp-block-heading\">1. Informacije koje sakupljamo<\/h3>\r\n<p>Prikupljamo razli\u010dite vrste informacija kako bismo pru\u017eili i pobolj\u0161ali na\u0161e usluge, uklju\u010duju\u0107i:<\/p>\r\n<h4>a.<\/h4>\r\n<p>Mo\u017eemo prikupljati li\u010dne podatke, kao \u0161to su:<\/p>\r\n<ul data-spread=\"false\">\r\n<li>\r\n<p>Ime<\/p>\r\n<\/li>\r\n<li>\r\n<p>Adresa e-po\u0161te<\/p>\r\n<\/li>\r\n<li>\r\n<p>Telefonski broj<\/p>\r\n<\/li>\r\n<li>\r\n<p>Naziv kompanije<\/p>\r\n<\/li>\r\n<li>\r\n<p>Bilo koje druge informacije koje nam dobrovoljno pru\u017eate<\/p>\r\n<\/li>\r\n<\/ul>\r\n<h4>b.<\/h4>\r\n<p>Mo\u017eemo prikupiti i ne-li\u010dne podatke, kao \u0161to su:<\/p>\r\n<ul data-spread=\"false\">\r\n<li>\r\n<p>Vrsta pregleda\u010da<\/p>\r\n<\/li>\r\n<li>\r\n<p>IP adresa<\/p>\r\n<\/li>\r\n<li>\r\n<p>Informacije o ure\u0111aju<\/p>\r\n<\/li>\r\n<li>\r\n<p>Kola\u010di\u0107i i tehnologije pra\u0107enja<\/p>\r\n<\/li>\r\n<li>\r\n<p>Podaci o upotrebi web stranica<\/p>\r\n<\/li>\r\n<\/ul>\r\n<h3>2. Kako koristimo va\u0161e podatke<\/h3>\r\n<p>Prikupljene informacije koristimo za sljede\u0107e svrhe:<\/p>\r\n<ul data-spread=\"false\">\r\n<li>\r\n<p>Da biste obezbedili i odr\u017eali na\u0161e usluge<\/p>\r\n<\/li>\r\n<li>\r\n<p>Da biste pobolj\u0161ali i personalizirali korisni\u010dko iskustvo<\/p>\r\n<\/li>\r\n<li>\r\n<p>Da biste komunicirali s vama, uklju\u010duju\u0107i reagiranje na upite i pru\u017eanje a\u017euriranja<\/p>\r\n<\/li>\r\n<li>\r\n<p>Da biste analizirali upotrebu web stranice i pobolj\u0161ajte na\u0161u stranicu<\/p>\r\n<\/li>\r\n<li>\r\n<p>Da se pridr\u017eavaju zakonskih obaveza<\/p>\r\n<\/li>\r\n<\/ul>\r\n<h3>3. Dijeljenje i otkrivanje informacija<\/h3>\r\n<p>Ne prodajemo, ne prodajemo ili iznajmljujemo va\u0161e li\u010dne podatke tre\u0107im stranama.<\/p>\r\n<ul data-spread=\"false\">\r\n<li>\r\n<p><strong>Sa pru\u017eateljima usluga<\/strong>: Mo\u017eemo deliti podatke sa pru\u017eateljima usluga tre\u0107e strane koji poma\u017eu u poslovanju na\u0161e stranice i usluga.<\/p>\r\n<\/li>\r\n<li>\r\n<p><strong>Zakonski zahtjevi<\/strong>: Mo\u017eemo otkriti informacije ako se zakonom zahtijevaju ili za za\u0161titu na\u0161ih zakonskih prava.<\/p>\r\n<\/li>\r\n<li>\r\n<p><strong>Poslovni transferi<\/strong>: U slu\u010daju spajanja, akvizicije ili prodaje imovine, va\u0161e informacije mogu se prenijeti na novi entitet.<\/p>\r\n<\/li>\r\n<\/ul>\r\n<h3>4. Kola\u010di\u0107i i tehnologije pra\u0107enja<\/h3>\r\n<p>Na\u0161a web stranica mo\u017ee koristiti kola\u010di\u0107e i sli\u010dne tehnologije pra\u0107enja kako bi se pobolj\u0161alo korisni\u010dko iskustvo.<\/p>\r\n<h3>5. Sigurnost podataka<\/h3>\r\n<p>Sprovodimo odgovaraju\u0107e sigurnosne mjere za za\u0161titu va\u0161ih li\u010dnih podataka od neovla\u0161tenog pristupa, izmjena, otkrivanja ili uni\u0161tenja.<\/p>\r\n<h3>6. Linkovi tre\u0107e strane<\/h3>\r\n<p>Na\u0161a web lokacija mo\u017ee sadr\u017eavati veze na web stranice tre\u0107e strane.<\/p>\r\n<h3>7. Va\u0161a prava i izbora<\/h3>\r\n<p>Ovisno o va\u0161oj lokaciji, mo\u017eda imate odre\u0111ena prava u vezi sa va\u0161im li\u010dnim podacima, uklju\u010duju\u0107i:<\/p>\r\n<ul data-spread=\"false\">\r\n<li>\r\n<p>Pristup, a\u017euriranje ili brisanje podataka<\/p>\r\n<\/li>\r\n<li>\r\n<p>Odustajanje od marketin\u0161kih komunikacija<\/p>\r\n<\/li>\r\n<li>\r\n<p>Ograni\u010davanje ili prigovaraju\u0107i u obradu podataka<\/p>\r\n<\/li>\r\n<li>\r\n<p>Povla\u010denje saglasnosti za prikupljanje podataka<\/p>\r\n<\/li>\r\n<\/ul>\r\n<p>Da biste ostvarili ta prava, kontaktirajte nas na\u00a0<a>hello@linkcharging.com<\/a>.<\/p>\r\n<h3>8. Promjene ove politike privatnosti<\/h3>\r\n<p>Povremeno \u0107emo povremeno a\u017eurirati ovu politiku privatnosti.<\/p>\r\n<h3>9. Kontaktirajte nas<\/h3>\r\n<p>Ako imate bilo kakvih pitanja ili nedoumica u vezi s ovom politikom privatnosti, kontaktirajte nas na:<\/p>\r\n<p>LCTC<br \/>Soba 3019, zgrada 108b, br. 10A Jiuxianqiao North Road, okrug Chaoyang, Peking, PRC<br \/>E-po\u0161ta:\u00a0<a>hello@linkcharging.com<\/a><br \/>Telefon: 010 56019678<\/p>\r\n<p>Hvala vam na povjerenju LCTC sa svojim podacima.<\/p>\r\n\t\t\t\t\t\t\t\t<\/div>\n\t\t\t\t<\/div>\n\t\t\t\t\t<\/div>\n\t\t\t\t<\/div>\n\t\t\t\t<\/div>","protected":false},"excerpt":{"rendered":"<p>Politika privatnosti Datum stupanja na snagu: 1. januara 2025 Dobrodo\u0161li u LCTC (\"Mi\" \"\" Na\u0161 \"ili\" US \").<\/p>","protected":false},"author":1,"featured_media":0,"parent":0,"menu_order":15,"comment_status":"closed","ping_status":"open","template":"elementor_canvas","meta":{"footnotes":""},"class_list":["post-3","page","type-page","status-publish","hentry"],"_links":{"self":[{"href":"https:\/\/www.lctc-group.com\/bs\/wp-json\/wp\/v2\/pages\/3","targetHints":{"allow":["GET"]}}],"collection":[{"href":"https:\/\/www.lctc-group.com\/bs\/wp-json\/wp\/v2\/pages"}],"about":[{"href":"https:\/\/www.lctc-group.com\/bs\/wp-json\/wp\/v2\/types\/page"}],"author":[{"embeddable":true,"href":"https:\/\/www.lctc-group.com\/bs\/wp-json\/wp\/v2\/users\/1"}],"replies":[{"embeddable":true,"href":"https:\/\/www.lctc-group.com\/bs\/wp-json\/wp\/v2\/comments?post=3"}],"version-history":[{"count":4,"href":"https:\/\/www.lctc-group.com\/bs\/wp-json\/wp\/v2\/pages\/3\/revisions"}],"predecessor-version":[{"id":1355,"href":"https:\/\/www.lctc-group.com\/bs\/wp-json\/wp\/v2\/pages\/3\/revisions\/1355"}],"wp:attachment":[{"href":"https:\/\/www.lctc-group.com\/bs\/wp-json\/wp\/v2\/media?parent=3"}],"curies":[{"name":"wp","href":"https:\/\/api.w.org\/{rel}","templated":true}]}}