{"id":3,"date":"2025-03-05T12:05:36","date_gmt":"2025-03-05T04:05:36","guid":{"rendered":"http:\/\/www.lctc-group.com\/?page_id=3"},"modified":"2025-03-28T11:46:17","modified_gmt":"2025-03-28T03:46:17","slug":"privacy-policy","status":"publish","type":"page","link":"https:\/\/www.lctc-group.com\/ca\/privacy-policy\/","title":{"rendered":"Pol\u00edtica de privadesa"},"content":{"rendered":"<div data-elementor-type=\"wp-page\" data-elementor-id=\"3\" class=\"elementor elementor-3\" data-elementor-post-type=\"page\">\n\t\t\t\t<div class=\"elementor-element elementor-element-6c122b96 e-flex e-con-boxed e-con e-parent\" data-id=\"6c122b96\" data-element_type=\"container\">\n\t\t\t\t\t<div class=\"e-con-inner\">\n\t\t\t\t<div class=\"elementor-element elementor-element-765350d4 elementor-widget elementor-widget-text-editor\" data-id=\"765350d4\" data-element_type=\"widget\" data-widget_type=\"text-editor.default\">\n\t\t\t\t<div class=\"elementor-widget-container\">\n\t\t\t\t\t\t\t\t\t\r\n<p data-pm-slice=\"1 1 []\"><strong>Pol\u00edtica de privadesa<\/strong><\/p>\r\n<p>Data d\u2019efectivitat: 1 de gener de 2025<\/p>\r\n<p>Benvingut a LCTC (\"Nosaltres\", \"nostre\" o \"nosaltres\").\u00a0<a>https:\/\/www.lctc-group.com\/<\/a>\u00a0(el \"lloc\").<\/p>\r\n<h3 class=\"wp-block-heading\">1. Informaci\u00f3 que recopilem<\/h3>\r\n<p>Recopilem diferents tipus d\u2019informaci\u00f3 per tal de proporcionar i millorar els nostres serveis, incl\u00f2s:<\/p>\r\n<h4>a.<\/h4>\r\n<p>Podem recopilar informaci\u00f3 d\u2019identificaci\u00f3 personal, com ara:<\/p>\r\n<ul data-spread=\"false\">\r\n<li>\r\n<p>Nom<\/p>\r\n<\/li>\r\n<li>\r\n<p>Adre\u00e7a de correu electr\u00f2nic<\/p>\r\n<\/li>\r\n<li>\r\n<p>N\u00famero de tel\u00e8fon<\/p>\r\n<\/li>\r\n<li>\r\n<p>Nom de l'empresa<\/p>\r\n<\/li>\r\n<li>\r\n<p>Qualsevol altra informaci\u00f3 que ens proporcioneu volunt\u00e0riament<\/p>\r\n<\/li>\r\n<\/ul>\r\n<h4>b.<\/h4>\r\n<p>Tamb\u00e9 podem recopilar informaci\u00f3 no personal, com ara:<\/p>\r\n<ul data-spread=\"false\">\r\n<li>\r\n<p>Tipus del navegador<\/p>\r\n<\/li>\r\n<li>\r\n<p>Adre\u00e7a IP<\/p>\r\n<\/li>\r\n<li>\r\n<p>Informaci\u00f3 del dispositiu<\/p>\r\n<\/li>\r\n<li>\r\n<p>Tecnologies de galetes i seguiment<\/p>\r\n<\/li>\r\n<li>\r\n<p>Dades d\u2019\u00fas del lloc web<\/p>\r\n<\/li>\r\n<\/ul>\r\n<h3>2. Com utilitzem la vostra informaci\u00f3<\/h3>\r\n<p>Utilitzem la informaci\u00f3 recollida per als prop\u00f2sits seg\u00fcents:<\/p>\r\n<ul data-spread=\"false\">\r\n<li>\r\n<p>Per proporcionar i mantenir els nostres serveis<\/p>\r\n<\/li>\r\n<li>\r\n<p>Per millorar i personalitzar l\u2019experi\u00e8ncia dels usuaris<\/p>\r\n<\/li>\r\n<li>\r\n<p>Per comunicar -vos amb vosaltres, incloent respondre a les consultes i proporcionar actualitzacions<\/p>\r\n<\/li>\r\n<li>\r\n<p>Per analitzar l\u2019\u00fas del lloc web i millorar el nostre lloc<\/p>\r\n<\/li>\r\n<li>\r\n<p>Per complir les obligacions legals<\/p>\r\n<\/li>\r\n<\/ul>\r\n<h3>3. Compartir i divulgar la informaci\u00f3<\/h3>\r\n<p>No venem, comercialitzem ni lloguem la vostra informaci\u00f3 personal a tercers.<\/p>\r\n<ul data-spread=\"false\">\r\n<li>\r\n<p><strong>Amb els prove\u00efdors de serveis<\/strong>: Podem compartir dades amb prove\u00efdors de serveis de tercers que ajudin a operar el nostre lloc i serveis.<\/p>\r\n<\/li>\r\n<li>\r\n<p><strong>Requisits legals<\/strong>: Podem divulgar informaci\u00f3 si ho requereix la llei o per protegir els nostres drets legals.<\/p>\r\n<\/li>\r\n<li>\r\n<p><strong>Transfer\u00e8ncies empresarials<\/strong>: En cas de fusi\u00f3, adquisici\u00f3 o venda d\u2019actius, la vostra informaci\u00f3 es pot transferir a una nova entitat.<\/p>\r\n<\/li>\r\n<\/ul>\r\n<h3>4. Tecnologies de galetes i seguiment<\/h3>\r\n<p>El nostre lloc pot utilitzar cookies i tecnologies de seguiment similars per millorar l\u2019experi\u00e8ncia dels usuaris.<\/p>\r\n<h3>5. Seguretat de dades<\/h3>\r\n<p>Implemen mesures de seguretat adequades per protegir les vostres dades personals de l\u2019acc\u00e9s, alteraci\u00f3, divulgaci\u00f3 o destrucci\u00f3 no autoritzades.<\/p>\r\n<h3>6. Enlla\u00e7os de tercers<\/h3>\r\n<p>El nostre lloc pot contenir enlla\u00e7os a llocs web de tercers.<\/p>\r\n<h3>7. Els vostres drets i opcions<\/h3>\r\n<p>Segons la vostra ubicaci\u00f3, \u00e9s possible que tingueu certs drets sobre les vostres dades personals, incl\u00f2s:<\/p>\r\n<ul data-spread=\"false\">\r\n<li>\r\n<p>Accedir, actualitzar o suprimir la informaci\u00f3<\/p>\r\n<\/li>\r\n<li>\r\n<p>Optant per comunicacions de m\u00e0rqueting<\/p>\r\n<\/li>\r\n<li>\r\n<p>Restringir o oposar -se al processament de dades<\/p>\r\n<\/li>\r\n<li>\r\n<p>Retirar el consentiment per a la recollida de dades<\/p>\r\n<\/li>\r\n<\/ul>\r\n<p>Per exercir aquests drets, poseu -vos en contacte amb nosaltres a\u00a0<a>hello@linkcharging.com<\/a>.<\/p>\r\n<h3>8. Canvis a aquesta Pol\u00edtica de privadesa<\/h3>\r\n<p>\u00c9s possible que actualitzem aquesta pol\u00edtica de privadesa de tant en tant.<\/p>\r\n<h3>9. Poseu -vos en contacte amb nosaltres<\/h3>\r\n<p>Si teniu dubtes o dubtes sobre aquesta pol\u00edtica de privadesa, poseu -vos en contacte amb nosaltres a:<\/p>\r\n<p>LCTC<br \/>Sala 3019, edifici 108b, n\u00fam. 10a Jiuxianqiao North Road, districte de Chaoyang, Beijing, PRC<br \/>Correu electr\u00f2nic:\u00a0<a>hello@linkcharging.com<\/a><br \/>Tel\u00e8fon: 010 56019678<\/p>\r\n<p>Gr\u00e0cies per confiar en LCTC amb la vostra informaci\u00f3.<\/p>\r\n\t\t\t\t\t\t\t\t<\/div>\n\t\t\t\t<\/div>\n\t\t\t\t\t<\/div>\n\t\t\t\t<\/div>\n\t\t\t\t<\/div>","protected":false},"excerpt":{"rendered":"<p>Pol\u00edtica de privadesa Data d\u2019efectivitat: 1 de gener de 2025 Benvingut a LCTC (\u201cnosaltres\u201d, \u201cnostre\u201d o \u201cnosaltres\u201d).<\/p>","protected":false},"author":1,"featured_media":0,"parent":0,"menu_order":15,"comment_status":"closed","ping_status":"open","template":"elementor_canvas","meta":{"footnotes":""},"class_list":["post-3","page","type-page","status-publish","hentry"],"_links":{"self":[{"href":"https:\/\/www.lctc-group.com\/ca\/wp-json\/wp\/v2\/pages\/3","targetHints":{"allow":["GET"]}}],"collection":[{"href":"https:\/\/www.lctc-group.com\/ca\/wp-json\/wp\/v2\/pages"}],"about":[{"href":"https:\/\/www.lctc-group.com\/ca\/wp-json\/wp\/v2\/types\/page"}],"author":[{"embeddable":true,"href":"https:\/\/www.lctc-group.com\/ca\/wp-json\/wp\/v2\/users\/1"}],"replies":[{"embeddable":true,"href":"https:\/\/www.lctc-group.com\/ca\/wp-json\/wp\/v2\/comments?post=3"}],"version-history":[{"count":4,"href":"https:\/\/www.lctc-group.com\/ca\/wp-json\/wp\/v2\/pages\/3\/revisions"}],"predecessor-version":[{"id":1355,"href":"https:\/\/www.lctc-group.com\/ca\/wp-json\/wp\/v2\/pages\/3\/revisions\/1355"}],"wp:attachment":[{"href":"https:\/\/www.lctc-group.com\/ca\/wp-json\/wp\/v2\/media?parent=3"}],"curies":[{"name":"wp","href":"https:\/\/api.w.org\/{rel}","templated":true}]}}