{"id":3,"date":"2025-03-05T12:05:36","date_gmt":"2025-03-05T04:05:36","guid":{"rendered":"http:\/\/www.lctc-group.com\/?page_id=3"},"modified":"2025-03-28T11:46:17","modified_gmt":"2025-03-28T03:46:17","slug":"privacy-policy","status":"publish","type":"page","link":"https:\/\/www.lctc-group.com\/cs\/zasady-ochrany-osobnich-udaju\/","title":{"rendered":"Z\u00e1sady ochrany osobn\u00edch \u00fadaj\u016f"},"content":{"rendered":"<div data-elementor-type=\"wp-page\" data-elementor-id=\"3\" class=\"elementor elementor-3\" data-elementor-post-type=\"page\">\n\t\t\t\t<div class=\"elementor-element elementor-element-6c122b96 e-flex e-con-boxed e-con e-parent\" data-id=\"6c122b96\" data-element_type=\"container\">\n\t\t\t\t\t<div class=\"e-con-inner\">\n\t\t\t\t<div class=\"elementor-element elementor-element-765350d4 elementor-widget elementor-widget-text-editor\" data-id=\"765350d4\" data-element_type=\"widget\" data-widget_type=\"text-editor.default\">\n\t\t\t\t<div class=\"elementor-widget-container\">\n\t\t\t\t\t\t\t\t\t\r\n<p data-pm-slice=\"1 1 []\"><strong>Z\u00e1sady ochrany osobn\u00edch \u00fadaj\u016f<\/strong><\/p>\r\n<p>Datum \u00fa\u010dinnosti: 1. ledna 2025<\/p>\r\n<p>V\u00edtejte v LCTC (\u201eMy\u201c, \u201en\u00e1\u0161\u201c nebo \u201en\u00e1s\u201c).\u00a0<a>https:\/\/www.lctc-group.com\/<\/a>\u00a0(\u201eweb\u201c).<\/p>\r\n<h3 class=\"wp-block-heading\">1. Informace, kter\u00e9 shroma\u017e\u010fujeme<\/h3>\r\n<p>Shroma\u017e\u010fujeme r\u016fzn\u00e9 typy informac\u00ed, abychom poskytovali a zlep\u0161ovali na\u0161e slu\u017eby, v\u010detn\u011b:<\/p>\r\n<h4>A.<\/h4>\r\n<p>M\u016f\u017eeme shroma\u017e\u010fovat osobn\u00ed \u00fadaje, nap\u0159\u00edklad:<\/p>\r\n<ul data-spread=\"false\">\r\n<li>\r\n<p>Jm\u00e9no<\/p>\r\n<\/li>\r\n<li>\r\n<p>E-mailov\u00e1 adresa<\/p>\r\n<\/li>\r\n<li>\r\n<p>Telefonn\u00ed \u010d\u00edslo<\/p>\r\n<\/li>\r\n<li>\r\n<p>N\u00e1zev spole\u010dnosti<\/p>\r\n<\/li>\r\n<li>\r\n<p>Jak\u00e9koli dal\u0161\u00ed informace, kter\u00e9 n\u00e1m dobrovoln\u011b poskytnete<\/p>\r\n<\/li>\r\n<\/ul>\r\n<h4>b.<\/h4>\r\n<p>M\u016f\u017eeme tak\u00e9 shroma\u017e\u010fovat neosobn\u00ed informace, nap\u0159\u00edklad:<\/p>\r\n<ul data-spread=\"false\">\r\n<li>\r\n<p>Typ prohl\u00ed\u017ee\u010de<\/p>\r\n<\/li>\r\n<li>\r\n<p>IP adresa<\/p>\r\n<\/li>\r\n<li>\r\n<p>Informace o za\u0159\u00edzen\u00ed<\/p>\r\n<\/li>\r\n<li>\r\n<p>Technologie cookies a sledov\u00e1n\u00ed<\/p>\r\n<\/li>\r\n<li>\r\n<p>Data vyu\u017eit\u00ed webov\u00fdch str\u00e1nek<\/p>\r\n<\/li>\r\n<\/ul>\r\n<h3>2. Jak pou\u017e\u00edv\u00e1me va\u0161e informace<\/h3>\r\n<p>Shrom\u00e1\u017ed\u011bn\u00e9 informace pou\u017e\u00edv\u00e1me pro n\u00e1sleduj\u00edc\u00ed \u00fa\u010dely:<\/p>\r\n<ul data-spread=\"false\">\r\n<li>\r\n<p>Poskytovat a udr\u017eovat na\u0161e slu\u017eby<\/p>\r\n<\/li>\r\n<li>\r\n<p>Pro zlep\u0161en\u00ed a personalizaci u\u017eivatelsk\u00e9ho prost\u0159ed\u00ed<\/p>\r\n<\/li>\r\n<li>\r\n<p>Komunikovat s v\u00e1mi, v\u010detn\u011b odpov\u011bdi na dotazy a poskytov\u00e1n\u00ed aktualizac\u00ed<\/p>\r\n<\/li>\r\n<li>\r\n<p>Analyzovat vyu\u017eit\u00ed webov\u00fdch str\u00e1nek a vylep\u0161it na\u0161e str\u00e1nky<\/p>\r\n<\/li>\r\n<li>\r\n<p>Dodr\u017eovat z\u00e1konn\u00e9 povinnosti<\/p>\r\n<\/li>\r\n<\/ul>\r\n<h3>3. Sd\u00edlen\u00ed a zve\u0159ej\u0148ov\u00e1n\u00ed informac\u00ed<\/h3>\r\n<p>Neprod\u00e1v\u00e1me, obchodujeme ani pronaj\u00edm\u00e1me va\u0161e osobn\u00ed \u00fadaje t\u0159et\u00edm stran\u00e1m.<\/p>\r\n<ul data-spread=\"false\">\r\n<li>\r\n<p><strong>S poskytovateli slu\u017eeb<\/strong>: M\u016f\u017eeme sd\u00edlet data s poskytovateli slu\u017eeb t\u0159et\u00edch stran, kte\u0159\u00ed pom\u00e1haj\u00ed p\u0159i provozu na\u0161ich str\u00e1nek a slu\u017eeb.<\/p>\r\n<\/li>\r\n<li>\r\n<p><strong>Z\u00e1konn\u00e9 po\u017eadavky<\/strong>: M\u016f\u017eeme zve\u0159ejnit informace, pokud je to vy\u017eadov\u00e1no z\u00e1konem nebo chr\u00e1nit na\u0161e z\u00e1konn\u00e1 pr\u00e1va.<\/p>\r\n<\/li>\r\n<li>\r\n<p><strong>Obchodn\u00ed p\u0159evody<\/strong>: V p\u0159\u00edpad\u011b f\u00faze, akvizice nebo prodeje aktiv mohou b\u00fdt va\u0161e informace p\u0159evedeny na nov\u00fd subjekt.<\/p>\r\n<\/li>\r\n<\/ul>\r\n<h3>4. Technologie cookies a sledov\u00e1n\u00ed<\/h3>\r\n<p>Na\u0161e str\u00e1nky mohou pou\u017e\u00edvat soubory cookie a podobn\u00e9 sledovac\u00ed technologie ke zv\u00fd\u0161en\u00ed u\u017eivatelsk\u00e9ho prost\u0159ed\u00ed.<\/p>\r\n<h3>5. Zabezpe\u010den\u00ed dat<\/h3>\r\n<p>Prov\u00e1d\u00edme p\u0159\u00edslu\u0161n\u00e1 bezpe\u010dnostn\u00ed opat\u0159en\u00ed k ochran\u011b va\u0161ich osobn\u00edch \u00fadaj\u016f p\u0159ed neopr\u00e1vn\u011bn\u00fdm p\u0159\u00edstupem, zm\u011bnou, zve\u0159ejn\u011bn\u00edm nebo zni\u010den\u00edm.<\/p>\r\n<h3>6. Odkazy t\u0159et\u00edch stran<\/h3>\r\n<p>Na\u0161e web m\u016f\u017ee obsahovat odkazy na webov\u00e9 str\u00e1nky t\u0159et\u00edch stran.<\/p>\r\n<h3>7. Va\u0161e pr\u00e1va a volby<\/h3>\r\n<p>V z\u00e1vislosti na va\u0161\u00ed poloze m\u016f\u017eete m\u00edt ur\u010dit\u00e1 pr\u00e1va t\u00fdkaj\u00edc\u00ed se va\u0161ich osobn\u00edch \u00fadaj\u016f, v\u010detn\u011b:<\/p>\r\n<ul data-spread=\"false\">\r\n<li>\r\n<p>P\u0159\u00edstup, aktualizace nebo smaz\u00e1n\u00ed informac\u00ed<\/p>\r\n<\/li>\r\n<li>\r\n<p>Odhl\u00e1\u0161en\u00ed z marketingov\u00e9 komunikace<\/p>\r\n<\/li>\r\n<li>\r\n<p>Omezen\u00ed nebo n\u00e1mitky proti zpracov\u00e1n\u00ed dat<\/p>\r\n<\/li>\r\n<li>\r\n<p>Z\u00edsk\u00e1n\u00ed souhlasu se sb\u011brem dat<\/p>\r\n<\/li>\r\n<\/ul>\r\n<p>K uplatn\u011bn\u00ed t\u011bchto pr\u00e1v n\u00e1s pros\u00edm kontaktujte\u00a0<a>hello@linkcharging.com<\/a>.<\/p>\r\n<h3>8. Zm\u011bny t\u011bchto z\u00e1sad ochrany osobn\u00edch \u00fadaj\u016f<\/h3>\r\n<p>Tyto z\u00e1sady ochrany osobn\u00edch \u00fadaj\u016f m\u016f\u017eeme \u010das od \u010dasu aktualizovat.<\/p>\r\n<h3>9. Kontaktujte n\u00e1s<\/h3>\r\n<p>M\u00e1te -li jak\u00e9koli dotazy nebo obavy ohledn\u011b t\u011bchto z\u00e1sad ochrany osobn\u00edch \u00fadaj\u016f, kontaktujte n\u00e1s na adrese:<\/p>\r\n<p>LCTC<br \/>Pokoj 3019, budova 108b, \u010d. 10A Jiuxianqiao North Road, okres Chaoyang, Peking, PRC<br \/>E-mail:\u00a0<a>hello@linkcharging.com<\/a><br \/>Telefon: 010 56019678<\/p>\r\n<p>D\u011bkujeme za d\u016fv\u011bru LCTC s va\u0161imi informacemi.<\/p>\r\n\t\t\t\t\t\t\t\t<\/div>\n\t\t\t\t<\/div>\n\t\t\t\t\t<\/div>\n\t\t\t\t<\/div>\n\t\t\t\t<\/div>","protected":false},"excerpt":{"rendered":"<p>Datum \u00fa\u010dinnosti ochrany osobn\u00edch \u00fadaj\u016f: 1. ledna 2025 V\u00edtejte v LCTC (\u201eMy\u201c, \u201en\u00e1\u0161\u201c nebo \u201eUSA\u201c).<\/p>","protected":false},"author":1,"featured_media":0,"parent":0,"menu_order":15,"comment_status":"closed","ping_status":"open","template":"elementor_canvas","meta":{"footnotes":""},"class_list":["post-3","page","type-page","status-publish","hentry"],"_links":{"self":[{"href":"https:\/\/www.lctc-group.com\/cs\/wp-json\/wp\/v2\/pages\/3","targetHints":{"allow":["GET"]}}],"collection":[{"href":"https:\/\/www.lctc-group.com\/cs\/wp-json\/wp\/v2\/pages"}],"about":[{"href":"https:\/\/www.lctc-group.com\/cs\/wp-json\/wp\/v2\/types\/page"}],"author":[{"embeddable":true,"href":"https:\/\/www.lctc-group.com\/cs\/wp-json\/wp\/v2\/users\/1"}],"replies":[{"embeddable":true,"href":"https:\/\/www.lctc-group.com\/cs\/wp-json\/wp\/v2\/comments?post=3"}],"version-history":[{"count":4,"href":"https:\/\/www.lctc-group.com\/cs\/wp-json\/wp\/v2\/pages\/3\/revisions"}],"predecessor-version":[{"id":1355,"href":"https:\/\/www.lctc-group.com\/cs\/wp-json\/wp\/v2\/pages\/3\/revisions\/1355"}],"wp:attachment":[{"href":"https:\/\/www.lctc-group.com\/cs\/wp-json\/wp\/v2\/media?parent=3"}],"curies":[{"name":"wp","href":"https:\/\/api.w.org\/{rel}","templated":true}]}}