{"id":3,"date":"2025-03-05T12:05:36","date_gmt":"2025-03-05T04:05:36","guid":{"rendered":"http:\/\/www.lctc-group.com\/?page_id=3"},"modified":"2025-03-28T11:46:17","modified_gmt":"2025-03-28T03:46:17","slug":"privacy-policy","status":"publish","type":"page","link":"https:\/\/www.lctc-group.com\/da\/privatlivspolitik\/","title":{"rendered":"Privatlivspolitik"},"content":{"rendered":"<div data-elementor-type=\"wp-page\" data-elementor-id=\"3\" class=\"elementor elementor-3\" data-elementor-post-type=\"page\">\n\t\t\t\t<div class=\"elementor-element elementor-element-6c122b96 e-flex e-con-boxed e-con e-parent\" data-id=\"6c122b96\" data-element_type=\"container\">\n\t\t\t\t\t<div class=\"e-con-inner\">\n\t\t\t\t<div class=\"elementor-element elementor-element-765350d4 elementor-widget elementor-widget-text-editor\" data-id=\"765350d4\" data-element_type=\"widget\" data-widget_type=\"text-editor.default\">\n\t\t\t\t<div class=\"elementor-widget-container\">\n\t\t\t\t\t\t\t\t\t\r\n<p data-pm-slice=\"1 1 []\"><strong>Privatlivspolitik<\/strong><\/p>\r\n<p>Ikrafttr\u00e6delsesdato: 1. januar 2025<\/p>\r\n<p>Velkommen til LCTC (\"Vi\", \"vores\" eller \"os\").\u00a0<a>https:\/\/www.lctc-group.com\/<\/a>\u00a0(\"Webstedet\").<\/p>\r\n<h3 class=\"wp-block-heading\">1. information, vi indsamler<\/h3>\r\n<p>Vi indsamler forskellige typer information for at levere og forbedre vores tjenester, herunder:<\/p>\r\n<h4>en.<\/h4>\r\n<p>Vi kan indsamle personligt identificerbare oplysninger, s\u00e5som:<\/p>\r\n<ul data-spread=\"false\">\r\n<li>\r\n<p>Navn<\/p>\r\n<\/li>\r\n<li>\r\n<p>E -mail -adresse<\/p>\r\n<\/li>\r\n<li>\r\n<p>Telefonnummer<\/p>\r\n<\/li>\r\n<li>\r\n<p>Firmanavn<\/p>\r\n<\/li>\r\n<li>\r\n<p>Eventuelle andre oplysninger, du frivilligt giver os<\/p>\r\n<\/li>\r\n<\/ul>\r\n<h4>b.<\/h4>\r\n<p>Vi kan ogs\u00e5 indsamle ikke-personlige oplysninger, s\u00e5som:<\/p>\r\n<ul data-spread=\"false\">\r\n<li>\r\n<p>Browsertype<\/p>\r\n<\/li>\r\n<li>\r\n<p>IP -adresse<\/p>\r\n<\/li>\r\n<li>\r\n<p>Enhedsoplysninger<\/p>\r\n<\/li>\r\n<li>\r\n<p>Cookies og sporingsteknologier<\/p>\r\n<\/li>\r\n<li>\r\n<p>Data om brug af websteder<\/p>\r\n<\/li>\r\n<\/ul>\r\n<h3>2. hvordan vi bruger dine oplysninger<\/h3>\r\n<p>Vi bruger de indsamlede oplysninger til f\u00f8lgende form\u00e5l:<\/p>\r\n<ul data-spread=\"false\">\r\n<li>\r\n<p>At levere og vedligeholde vores tjenester<\/p>\r\n<\/li>\r\n<li>\r\n<p>For at forbedre og tilpasse brugeroplevelsen<\/p>\r\n<\/li>\r\n<li>\r\n<p>At kommunikere med dig, herunder at svare p\u00e5 foresp\u00f8rgsler og give opdateringer<\/p>\r\n<\/li>\r\n<li>\r\n<p>At analysere brug af websteder og forbedre vores websted<\/p>\r\n<\/li>\r\n<li>\r\n<p>At overholde juridiske forpligtelser<\/p>\r\n<\/li>\r\n<\/ul>\r\n<h3>3. Deling og videregivelse af oplysninger<\/h3>\r\n<p>Vi s\u00e6lger, handler eller lejer ikke dine personlige oplysninger til tredjepart.<\/p>\r\n<ul data-spread=\"false\">\r\n<li>\r\n<p><strong>Med tjenesteudbydere<\/strong>: Vi deler muligvis data med tredjepartsudbydere, der hj\u00e6lper med at betjene vores websted og tjenester.<\/p>\r\n<\/li>\r\n<li>\r\n<p><strong>Juridiske krav<\/strong>: Vi kan videregive oplysninger, hvis de kr\u00e6ves i loven eller for at beskytte vores juridiske rettigheder.<\/p>\r\n<\/li>\r\n<li>\r\n<p><strong>Forretningsoverf\u00f8rsler<\/strong>: I tilf\u00e6lde af en fusion, erhvervelse eller salg af aktiver kan dine oplysninger overf\u00f8res til en ny enhed.<\/p>\r\n<\/li>\r\n<\/ul>\r\n<h3>4. cookies og sporingsteknologier<\/h3>\r\n<p>Vores side kan bruge cookies og lignende sporingsteknologier til at forbedre brugeroplevelsen.<\/p>\r\n<h3>5. Datasikkerhed<\/h3>\r\n<p>Vi implementerer passende sikkerhedsforanstaltninger for at beskytte dine personlige data mod uautoriseret adgang, \u00e6ndring, videregivelse eller \u00f8del\u00e6ggelse.<\/p>\r\n<h3>6. Tredjeparts links<\/h3>\r\n<p>Vores side kan indeholde links til tredjepartswebsteder.<\/p>\r\n<h3>7. Dine rettigheder og valg<\/h3>\r\n<p>Afh\u00e6ngig af din placering kan du have visse rettigheder til dine personlige data, herunder:<\/p>\r\n<ul data-spread=\"false\">\r\n<li>\r\n<p>Adgang til, opdatering eller sletning af dine oplysninger<\/p>\r\n<\/li>\r\n<li>\r\n<p>Frav\u00e6lge markedsf\u00f8ringskommunikation<\/p>\r\n<\/li>\r\n<li>\r\n<p>Begr\u00e6nsning eller indsigelse mod databehandling<\/p>\r\n<\/li>\r\n<li>\r\n<p>Tilbagetr\u00e6kning af samtykke til dataindsamling<\/p>\r\n<\/li>\r\n<\/ul>\r\n<p>For at ud\u00f8ve disse rettigheder, bedes du kontakte os p\u00e5\u00a0<a>hello@linkcharging.com<\/a>.<\/p>\r\n<h3>8. \u00c6ndringer til denne fortrolighedspolitik<\/h3>\r\n<p>Vi opdaterer muligvis denne privatlivspolitik fra tid til anden.<\/p>\r\n<h3>9. Kontakt os<\/h3>\r\n<p>Hvis du har sp\u00f8rgsm\u00e5l eller bekymringer om denne privatlivspolitik, bedes du kontakte os p\u00e5:<\/p>\r\n<p>LCTC<br \/>V\u00e6relse 3019, bygning 108b, nr. 10A Jiuxianqiao North Road, Chaoyang District, Beijing, PRC<br \/>E -mail:\u00a0<a>hello@linkcharging.com<\/a><br \/>Telefon: 010 56019678<\/p>\r\n<p>Tak fordi du har tillid til LCTC med dine oplysninger.<\/p>\r\n\t\t\t\t\t\t\t\t<\/div>\n\t\t\t\t<\/div>\n\t\t\t\t\t<\/div>\n\t\t\t\t<\/div>\n\t\t\t\t<\/div>","protected":false},"excerpt":{"rendered":"<p>Privatlivspolitikens effektive dato: 1. januar 2025 Velkommen til LCTC (\"Vi\", \"vores\" eller \"os\").<\/p>","protected":false},"author":1,"featured_media":0,"parent":0,"menu_order":15,"comment_status":"closed","ping_status":"open","template":"elementor_canvas","meta":{"footnotes":""},"class_list":["post-3","page","type-page","status-publish","hentry"],"_links":{"self":[{"href":"https:\/\/www.lctc-group.com\/da\/wp-json\/wp\/v2\/pages\/3","targetHints":{"allow":["GET"]}}],"collection":[{"href":"https:\/\/www.lctc-group.com\/da\/wp-json\/wp\/v2\/pages"}],"about":[{"href":"https:\/\/www.lctc-group.com\/da\/wp-json\/wp\/v2\/types\/page"}],"author":[{"embeddable":true,"href":"https:\/\/www.lctc-group.com\/da\/wp-json\/wp\/v2\/users\/1"}],"replies":[{"embeddable":true,"href":"https:\/\/www.lctc-group.com\/da\/wp-json\/wp\/v2\/comments?post=3"}],"version-history":[{"count":4,"href":"https:\/\/www.lctc-group.com\/da\/wp-json\/wp\/v2\/pages\/3\/revisions"}],"predecessor-version":[{"id":1355,"href":"https:\/\/www.lctc-group.com\/da\/wp-json\/wp\/v2\/pages\/3\/revisions\/1355"}],"wp:attachment":[{"href":"https:\/\/www.lctc-group.com\/da\/wp-json\/wp\/v2\/media?parent=3"}],"curies":[{"name":"wp","href":"https:\/\/api.w.org\/{rel}","templated":true}]}}