{"id":3,"date":"2025-03-05T12:05:36","date_gmt":"2025-03-05T04:05:36","guid":{"rendered":"http:\/\/www.lctc-group.com\/?page_id=3"},"modified":"2025-03-28T11:46:17","modified_gmt":"2025-03-28T03:46:17","slug":"privacy-policy","status":"publish","type":"page","link":"https:\/\/www.lctc-group.com\/de\/datenschutzbestimmungen\/","title":{"rendered":"Datenschutzrichtlinie"},"content":{"rendered":"<div data-elementor-type=\"wp-page\" data-elementor-id=\"3\" class=\"elementor elementor-3\" data-elementor-post-type=\"page\">\n\t\t\t\t<div class=\"elementor-element elementor-element-6c122b96 e-flex e-con-boxed e-con e-parent\" data-id=\"6c122b96\" data-element_type=\"container\">\n\t\t\t\t\t<div class=\"e-con-inner\">\n\t\t\t\t<div class=\"elementor-element elementor-element-765350d4 elementor-widget elementor-widget-text-editor\" data-id=\"765350d4\" data-element_type=\"widget\" data-widget_type=\"text-editor.default\">\n\t\t\t\t<div class=\"elementor-widget-container\">\n\t\t\t\t\t\t\t\t\t\r\n<p data-pm-slice=\"1 1 []\"><strong>Datenschutzrichtlinie<\/strong><\/p>\r\n<p>Datum des Inkrafttretens: 1. Januar 2025<\/p>\r\n<p>Willkommen bei LCTC (\"wir\", \"unser\" oder \"uns\").\u00a0<a>https:\/\/www.lctc-group.com\/<\/a>\u00a0(die \u201eSeite\u201c).<\/p>\r\n<h3 class=\"wp-block-heading\">1. Informationen, die wir sammeln<\/h3>\r\n<p>Wir sammeln verschiedene Arten von Informationen, um unsere Dienstleistungen bereitzustellen und zu verbessern, einschlie\u00dflich:<\/p>\r\n<h4>A.<\/h4>\r\n<p>Wir k\u00f6nnen pers\u00f6nlich identifizierbare Informationen sammeln, z. B.:<\/p>\r\n<ul data-spread=\"false\">\r\n<li>\r\n<p>Name<\/p>\r\n<\/li>\r\n<li>\r\n<p>E-Mail-Adresse<\/p>\r\n<\/li>\r\n<li>\r\n<p>Telefonnummer<\/p>\r\n<\/li>\r\n<li>\r\n<p>Name der Firma<\/p>\r\n<\/li>\r\n<li>\r\n<p>Alle anderen Informationen, die Sie uns freiwillig zur Verf\u00fcgung stellen<\/p>\r\n<\/li>\r\n<\/ul>\r\n<h4>B.<\/h4>\r\n<p>Wir k\u00f6nnen auch nicht personenbezogene Informationen sammeln, z. B.:<\/p>\r\n<ul data-spread=\"false\">\r\n<li>\r\n<p>Browsertyp<\/p>\r\n<\/li>\r\n<li>\r\n<p>IP -Adresse<\/p>\r\n<\/li>\r\n<li>\r\n<p>Ger\u00e4teinformationen<\/p>\r\n<\/li>\r\n<li>\r\n<p>Cookies und Tracking -Technologien<\/p>\r\n<\/li>\r\n<li>\r\n<p>Website -Nutzungsdaten<\/p>\r\n<\/li>\r\n<\/ul>\r\n<h3>2. Wie wir Ihre Informationen verwenden<\/h3>\r\n<p>Wir verwenden die gesammelten Informationen f\u00fcr folgende Zwecke:<\/p>\r\n<ul data-spread=\"false\">\r\n<li>\r\n<p>Um unsere Dienstleistungen bereitzustellen und zu pflegen<\/p>\r\n<\/li>\r\n<li>\r\n<p>Verbesserung und Personalisierung der Benutzererfahrung<\/p>\r\n<\/li>\r\n<li>\r\n<p>Um mit Ihnen zu kommunizieren, einschlie\u00dflich der Beantwortung von Anfragen und Bereitstellung von Aktualisierungen<\/p>\r\n<\/li>\r\n<li>\r\n<p>Um die Website der Website zu analysieren und unsere Website zu verbessern<\/p>\r\n<\/li>\r\n<li>\r\n<p>Rechtliche Verpflichtungen einzuhalten<\/p>\r\n<\/li>\r\n<\/ul>\r\n<h3>3. Teilen und Offenlegung von Informationen<\/h3>\r\n<p>Wir verkaufen, handeln oder vermieten Ihre pers\u00f6nlichen Daten nicht an Dritte.<\/p>\r\n<ul data-spread=\"false\">\r\n<li>\r\n<p><strong>Mit Dienstleister<\/strong>: Wir k\u00f6nnen Daten an Dienstanbieter von Drittanbietern weitergeben, die bei der Betrieben unserer Website und unserer Dienste helfen.<\/p>\r\n<\/li>\r\n<li>\r\n<p><strong>Gesetzliche Anforderungen<\/strong>: Wir k\u00f6nnen Informationen offenlegen, falls dies gesetzlich vorgeschrieben sind oder unsere gesetzlichen Rechte sch\u00fctzen.<\/p>\r\n<\/li>\r\n<li>\r\n<p><strong>Gesch\u00e4ftstransfers<\/strong>: Im Falle einer Verschmelzung, \u00dcbernahme oder Verkauf von Verm\u00f6genswerten k\u00f6nnen Ihre Informationen an eine neue Einheit \u00fcbertragen werden.<\/p>\r\n<\/li>\r\n<\/ul>\r\n<h3>4. Cookies und Tracking -Technologien<\/h3>\r\n<p>Auf unserer Website kann Cookies und \u00e4hnliche Tracking -Technologien verwendet werden, um die Benutzererfahrung zu verbessern.<\/p>\r\n<h3>5. Datensicherheit<\/h3>\r\n<p>Wir implementieren geeignete Sicherheitsma\u00dfnahmen, um Ihre personenbezogenen Daten vor nicht autorisierten Zugriff, \u00c4nderung, Offenlegung oder Zerst\u00f6rung zu sch\u00fctzen.<\/p>\r\n<h3>6. Links von Drittanbietern<\/h3>\r\n<p>Unsere Website kann Links zu Websites von Drittanbietern enthalten.<\/p>\r\n<h3>7. Ihre Rechte und Entscheidungen<\/h3>\r\n<p>Abh\u00e4ngig von Ihrem Standort haben Sie m\u00f6glicherweise bestimmte Rechte in Bezug auf Ihre pers\u00f6nlichen Daten, einschlie\u00dflich:<\/p>\r\n<ul data-spread=\"false\">\r\n<li>\r\n<p>Zugriff auf, aktualisiert oder l\u00f6schen Sie Ihre Informationen<\/p>\r\n<\/li>\r\n<li>\r\n<p>Meldung der Marketingkommunikation<\/p>\r\n<\/li>\r\n<li>\r\n<p>Einschr\u00e4nkung oder Einw\u00e4nde gegen die Datenverarbeitung<\/p>\r\n<\/li>\r\n<li>\r\n<p>Einwilligung zur Datenerfassung zur\u00fcckziehen<\/p>\r\n<\/li>\r\n<\/ul>\r\n<p>Um diese Rechte auszu\u00fcben, kontaktieren Sie uns bitte unter uns unter\u00a0<a>hello@linkcharging.com<\/a>.<\/p>\r\n<h3>8. \u00c4nderungen an dieser Datenschutzrichtlinie<\/h3>\r\n<p>Wir k\u00f6nnen diese Datenschutzrichtlinie von Zeit zu Zeit aktualisieren.<\/p>\r\n<h3>9. Kontaktieren Sie uns<\/h3>\r\n<p>Wenn Sie Fragen oder Bedenken zu dieser Datenschutzrichtlinie haben, wenden Sie sich bitte an uns unter:<\/p>\r\n<p>LCTC<br \/>Raum 3019, Geb\u00e4ude 108b, Nr. 10a Jiuxianqiao North Road, Bezirk Chaoyang, Peking, PRC<br \/>E-Mail:\u00a0<a>hello@linkcharging.com<\/a><br \/>Telefon: 010 56019678<\/p>\r\n<p>Vielen Dank, dass Sie LCTC Ihren Informationen anvertrauen.<\/p>\r\n\t\t\t\t\t\t\t\t<\/div>\n\t\t\t\t<\/div>\n\t\t\t\t\t<\/div>\n\t\t\t\t<\/div>\n\t\t\t\t<\/div>","protected":false},"excerpt":{"rendered":"<p>Datenschutzrichtlinie Inkrafttreten Datum: 1. Januar 2025 Willkommen bei LCTC (\u201ewir\u201c, \u201eunser\u201c oder \u201euns\u201c).<\/p>","protected":false},"author":1,"featured_media":0,"parent":0,"menu_order":15,"comment_status":"closed","ping_status":"open","template":"elementor_canvas","meta":{"footnotes":""},"class_list":["post-3","page","type-page","status-publish","hentry"],"_links":{"self":[{"href":"https:\/\/www.lctc-group.com\/de\/wp-json\/wp\/v2\/pages\/3","targetHints":{"allow":["GET"]}}],"collection":[{"href":"https:\/\/www.lctc-group.com\/de\/wp-json\/wp\/v2\/pages"}],"about":[{"href":"https:\/\/www.lctc-group.com\/de\/wp-json\/wp\/v2\/types\/page"}],"author":[{"embeddable":true,"href":"https:\/\/www.lctc-group.com\/de\/wp-json\/wp\/v2\/users\/1"}],"replies":[{"embeddable":true,"href":"https:\/\/www.lctc-group.com\/de\/wp-json\/wp\/v2\/comments?post=3"}],"version-history":[{"count":4,"href":"https:\/\/www.lctc-group.com\/de\/wp-json\/wp\/v2\/pages\/3\/revisions"}],"predecessor-version":[{"id":1355,"href":"https:\/\/www.lctc-group.com\/de\/wp-json\/wp\/v2\/pages\/3\/revisions\/1355"}],"wp:attachment":[{"href":"https:\/\/www.lctc-group.com\/de\/wp-json\/wp\/v2\/media?parent=3"}],"curies":[{"name":"wp","href":"https:\/\/api.w.org\/{rel}","templated":true}]}}