{"id":3,"date":"2025-03-05T12:05:36","date_gmt":"2025-03-05T04:05:36","guid":{"rendered":"http:\/\/www.lctc-group.com\/?page_id=3"},"modified":"2025-03-28T11:46:17","modified_gmt":"2025-03-28T03:46:17","slug":"privacy-policy","status":"publish","type":"page","link":"https:\/\/www.lctc-group.com\/et\/privaatsuspoliitika\/","title":{"rendered":"Privaatsuspoliitika"},"content":{"rendered":"<div data-elementor-type=\"wp-page\" data-elementor-id=\"3\" class=\"elementor elementor-3\" data-elementor-post-type=\"page\">\n\t\t\t\t<div class=\"elementor-element elementor-element-6c122b96 e-flex e-con-boxed e-con e-parent\" data-id=\"6c122b96\" data-element_type=\"container\">\n\t\t\t\t\t<div class=\"e-con-inner\">\n\t\t\t\t<div class=\"elementor-element elementor-element-765350d4 elementor-widget elementor-widget-text-editor\" data-id=\"765350d4\" data-element_type=\"widget\" data-widget_type=\"text-editor.default\">\n\t\t\t\t<div class=\"elementor-widget-container\">\n\t\t\t\t\t\t\t\t\t\r\n<p data-pm-slice=\"1 1 []\"><strong>Privaatsuspoliitika<\/strong><\/p>\r\n<p>J\u00f5ustumiskuup\u00e4ev: 1. jaanuar 2025<\/p>\r\n<p>Tere tulemast LCTC -sse (\u201cmeie\u201d, \u201cmeie\u201d v\u00f5i \u201cmeie\u201d).\u00a0<a>https:\/\/www.lctc-group.com\/<\/a>\u00a0(\u201csait\u201d).<\/p>\r\n<h3 class=\"wp-block-heading\">1. Teave kogume<\/h3>\r\n<p>Kogume oma teenuste osutamiseks ja parendamiseks erinevat t\u00fc\u00fcpi teavet, sealhulgas:<\/p>\r\n<h4>a.<\/h4>\r\n<p>V\u00f5ime koguda isikut tuvastavat teavet, n\u00e4iteks:<\/p>\r\n<ul data-spread=\"false\">\r\n<li>\r\n<p>Nimetus<\/p>\r\n<\/li>\r\n<li>\r\n<p>E -posti aadress<\/p>\r\n<\/li>\r\n<li>\r\n<p>Telefoninumber<\/p>\r\n<\/li>\r\n<li>\r\n<p>Ettev\u00f5tte nimi<\/p>\r\n<\/li>\r\n<li>\r\n<p>Mis tahes muu teave, mida meile vabatahtlikult pakute<\/p>\r\n<\/li>\r\n<\/ul>\r\n<h4>b.<\/h4>\r\n<p>V\u00f5ime koguda ka mitte isiklikku teavet, n\u00e4iteks:<\/p>\r\n<ul data-spread=\"false\">\r\n<li>\r\n<p>Brauseri t\u00fc\u00fcp<\/p>\r\n<\/li>\r\n<li>\r\n<p>IP -aadress<\/p>\r\n<\/li>\r\n<li>\r\n<p>Seadmeteave<\/p>\r\n<\/li>\r\n<li>\r\n<p>K\u00fcpsised ja j\u00e4lgimistehnoloogiad<\/p>\r\n<\/li>\r\n<li>\r\n<p>Veebisaidi kasutamise andmed<\/p>\r\n<\/li>\r\n<\/ul>\r\n<h3>2. Kuidas me teie teavet kasutame<\/h3>\r\n<p>Kasutame kogutud teavet j\u00e4rgmistel eesm\u00e4rkidel:<\/p>\r\n<ul data-spread=\"false\">\r\n<li>\r\n<p>Meie teenuste pakkumiseks ja hooldamiseks<\/p>\r\n<\/li>\r\n<li>\r\n<p>Kasutajakogemuse parandamiseks ja isikup\u00e4rastamiseks<\/p>\r\n<\/li>\r\n<li>\r\n<p>Teiega suhtlemiseks, sealhulgas uurimisele vastamine ja v\u00e4rskenduste pakkumine<\/p>\r\n<\/li>\r\n<li>\r\n<p>Veebisaidi kasutamise anal\u00fc\u00fcsimiseks ja saidi parendamiseks<\/p>\r\n<\/li>\r\n<li>\r\n<p>\u00d5iguslike kohustuste t\u00e4itmiseks<\/p>\r\n<\/li>\r\n<\/ul>\r\n<h3>3. teabe jagamine ja avalikustamine<\/h3>\r\n<p>Me ei m\u00fc\u00fc, kaupleme ega rendi teie isiklikku teavet kolmandatele osapooltele.<\/p>\r\n<ul data-spread=\"false\">\r\n<li>\r\n<p><strong>Teenusepakkujatega<\/strong>: Me v\u00f5ime jagada andmeid kolmandate osapoolte teenusepakkujatega, kes abistavad meie saidi ja teenuste haldamisel.<\/p>\r\n<\/li>\r\n<li>\r\n<p><strong>Juriidilised n\u00f5uded<\/strong>: Me v\u00f5ime seaduse alusel teavet avalikustada v\u00f5i oma seaduslike \u00f5iguste kaitsmiseks.<\/p>\r\n<\/li>\r\n<li>\r\n<p><strong>\u00c4ri\u00fclekanded<\/strong>: Varade \u00fchinemise, omandamise v\u00f5i m\u00fc\u00fcmise korral v\u00f5ib teie teabe uuele \u00fcksusele \u00fcle kanda.<\/p>\r\n<\/li>\r\n<\/ul>\r\n<h3>4. k\u00fcpsised ja j\u00e4lgimistehnoloogiad<\/h3>\r\n<p>Meie sait v\u00f5ib kasutajakogemuse parandamiseks kasutada k\u00fcpsiseid ja sarnaseid j\u00e4lgimistehnoloogiaid.<\/p>\r\n<h3>5. andmeturve<\/h3>\r\n<p>Rakendame sobivad turvameetmed teie isikuandmete kaitsmiseks loata juurdep\u00e4\u00e4su, muutmise, avalikustamise v\u00f5i h\u00e4vitamise eest.<\/p>\r\n<h3>6. kolmandate osapoolte lingid<\/h3>\r\n<p>Meie sait v\u00f5ib sisaldada linke kolmandate osapoolte veebisaitidele.<\/p>\r\n<h3>7. Teie \u00f5igused ja valikud<\/h3>\r\n<p>S\u00f5ltuvalt teie asukohast v\u00f5ivad teil olla oma isikuandmete osas teatud \u00f5igused, sealhulgas::<\/p>\r\n<ul data-spread=\"false\">\r\n<li>\r\n<p>Juurdep\u00e4\u00e4s teie teabele juurde p\u00e4\u00e4semine, v\u00e4rskendamine v\u00f5i kustutamine<\/p>\r\n<\/li>\r\n<li>\r\n<p>Turunduskommunikatsioonist loobumine<\/p>\r\n<\/li>\r\n<li>\r\n<p>Andmet\u00f6\u00f6tluse piiramine v\u00f5i vastuv\u00e4ide<\/p>\r\n<\/li>\r\n<li>\r\n<p>Andmete kogumise n\u00f5usoleku tagasiv\u00f5tmine<\/p>\r\n<\/li>\r\n<\/ul>\r\n<p>Nende \u00f5iguste kasutamiseks v\u00f5tke meiega \u00fchendust aadressil\u00a0<a>hello@linkcharging.com<\/a>.<\/p>\r\n<h3>8. Selle privaatsuspoliitika muudatused<\/h3>\r\n<p>Saame seda privaatsuspoliitikat aeg -ajalt v\u00e4rskendada.<\/p>\r\n<h3>9. V\u00f5tke meiega \u00fchendust<\/h3>\r\n<p>Kui teil on selle privaatsuspoliitika k\u00fcsimusi v\u00f5i muresid, v\u00f5tke meiega \u00fchendust aadressil:<\/p>\r\n<p>Lctc<br \/>Tuba 3019, hoone 108b, nr 10A Jiuxianqiao North Road, Chaoyangi rajoon, Peking, HRV<br \/>E -post:\u00a0<a>hello@linkcharging.com<\/a><br \/>Telefon: 010 56019678<\/p>\r\n<p>T\u00e4name, et usaldasite LCTC oma teabega.<\/p>\r\n\t\t\t\t\t\t\t\t<\/div>\n\t\t\t\t<\/div>\n\t\t\t\t\t<\/div>\n\t\t\t\t<\/div>\n\t\t\t\t<\/div>","protected":false},"excerpt":{"rendered":"<p>Privaatsuspoliitika j\u00f5ustumiskuup\u00e4ev: 1. jaanuar 2025 Tere tulemast LCTC -sse (\u201eMeie,\u201c meie \u201dv\u00f5i\u201e meie \u201d).<\/p>","protected":false},"author":1,"featured_media":0,"parent":0,"menu_order":15,"comment_status":"closed","ping_status":"open","template":"elementor_canvas","meta":{"footnotes":""},"class_list":["post-3","page","type-page","status-publish","hentry"],"_links":{"self":[{"href":"https:\/\/www.lctc-group.com\/et\/wp-json\/wp\/v2\/pages\/3","targetHints":{"allow":["GET"]}}],"collection":[{"href":"https:\/\/www.lctc-group.com\/et\/wp-json\/wp\/v2\/pages"}],"about":[{"href":"https:\/\/www.lctc-group.com\/et\/wp-json\/wp\/v2\/types\/page"}],"author":[{"embeddable":true,"href":"https:\/\/www.lctc-group.com\/et\/wp-json\/wp\/v2\/users\/1"}],"replies":[{"embeddable":true,"href":"https:\/\/www.lctc-group.com\/et\/wp-json\/wp\/v2\/comments?post=3"}],"version-history":[{"count":4,"href":"https:\/\/www.lctc-group.com\/et\/wp-json\/wp\/v2\/pages\/3\/revisions"}],"predecessor-version":[{"id":1355,"href":"https:\/\/www.lctc-group.com\/et\/wp-json\/wp\/v2\/pages\/3\/revisions\/1355"}],"wp:attachment":[{"href":"https:\/\/www.lctc-group.com\/et\/wp-json\/wp\/v2\/media?parent=3"}],"curies":[{"name":"wp","href":"https:\/\/api.w.org\/{rel}","templated":true}]}}