{"id":3,"date":"2025-03-05T12:05:36","date_gmt":"2025-03-05T04:05:36","guid":{"rendered":"http:\/\/www.lctc-group.com\/?page_id=3"},"modified":"2025-03-28T11:46:17","modified_gmt":"2025-03-28T03:46:17","slug":"privacy-policy","status":"publish","type":"page","link":"https:\/\/www.lctc-group.com\/fi\/tietosuojakaytanto\/","title":{"rendered":"Tietosuojak\u00e4yt\u00e4nt\u00f6"},"content":{"rendered":"<div data-elementor-type=\"wp-page\" data-elementor-id=\"3\" class=\"elementor elementor-3\" data-elementor-post-type=\"page\">\n\t\t\t\t<div class=\"elementor-element elementor-element-6c122b96 e-flex e-con-boxed e-con e-parent\" data-id=\"6c122b96\" data-element_type=\"container\">\n\t\t\t\t\t<div class=\"e-con-inner\">\n\t\t\t\t<div class=\"elementor-element elementor-element-765350d4 elementor-widget elementor-widget-text-editor\" data-id=\"765350d4\" data-element_type=\"widget\" data-widget_type=\"text-editor.default\">\n\t\t\t\t<div class=\"elementor-widget-container\">\n\t\t\t\t\t\t\t\t\t\r\n<p data-pm-slice=\"1 1 []\"><strong>Tietosuojak\u00e4yt\u00e4nt\u00f6<\/strong><\/p>\r\n<p>Voimap\u00e4iv\u00e4: 1. tammikuuta 2025<\/p>\r\n<p>Tervetuloa LCTC: hen (\u201cme\u201d, \u201cmeid\u00e4n\u201d tai \u201cme\u201d).\u00a0<a>https:\/\/www.lctc-group.com\/<\/a>\u00a0(\u201dSivusto\u201d).<\/p>\r\n<h3 class=\"wp-block-heading\">1. Ker\u00e4\u00e4mme tiedot<\/h3>\r\n<p>Ker\u00e4\u00e4mme erityyppisi\u00e4 tietoja palveluidemme tarjoamiseksi ja parantamiseksi, mukaan lukien:<\/p>\r\n<h4>a.<\/h4>\r\n<p>Voimme ker\u00e4t\u00e4 henkil\u00f6kohtaisia \u200b\u200btietoja, kuten:<\/p>\r\n<ul data-spread=\"false\">\r\n<li>\r\n<p>Nimi<\/p>\r\n<\/li>\r\n<li>\r\n<p>S\u00e4hk\u00f6postiosoite<\/p>\r\n<\/li>\r\n<li>\r\n<p>Puhelinnumero<\/p>\r\n<\/li>\r\n<li>\r\n<p>Yrityksen nimi<\/p>\r\n<\/li>\r\n<li>\r\n<p>Kaikki muut tiedot, jotka annat meille vapaaehtoisesti<\/p>\r\n<\/li>\r\n<\/ul>\r\n<h4>b.<\/h4>\r\n<p>Voimme my\u00f6s ker\u00e4t\u00e4 henkil\u00f6kohtaisia \u200b\u200btietoja, kuten:<\/p>\r\n<ul data-spread=\"false\">\r\n<li>\r\n<p>Selaintyyppi<\/p>\r\n<\/li>\r\n<li>\r\n<p>IP -osoite<\/p>\r\n<\/li>\r\n<li>\r\n<p>Laitetiedot<\/p>\r\n<\/li>\r\n<li>\r\n<p>Ev\u00e4steet ja seurantatekniikat<\/p>\r\n<\/li>\r\n<li>\r\n<p>Verkkosivun k\u00e4ytt\u00f6tiedot<\/p>\r\n<\/li>\r\n<\/ul>\r\n<h3>2. Kuinka k\u00e4yt\u00e4mme tietojasi<\/h3>\r\n<p>K\u00e4yt\u00e4mme ker\u00e4ttyj\u00e4 tietoja seuraaviin tarkoituksiin:<\/p>\r\n<ul data-spread=\"false\">\r\n<li>\r\n<p>Palvelumme tarjoaminen ja yll\u00e4pit\u00e4minen<\/p>\r\n<\/li>\r\n<li>\r\n<p>K\u00e4ytt\u00e4j\u00e4kokemuksen parantaminen ja mukauttaminen<\/p>\r\n<\/li>\r\n<li>\r\n<p>Kommunikoida kanssasi, mukaan lukien vastaaminen kyselyihin ja p\u00e4ivitysten tarjoaminen<\/p>\r\n<\/li>\r\n<li>\r\n<p>Analysoida verkkosivustojen k\u00e4ytt\u00f6\u00e4 ja parantaa sivustoamme<\/p>\r\n<\/li>\r\n<li>\r\n<p>Noudattaa laillisia velvoitteita<\/p>\r\n<\/li>\r\n<\/ul>\r\n<h3>3. Tietojen jakaminen ja paljastaminen<\/h3>\r\n<p>Emme myy, kauppaa tai vuokraa henkil\u00f6kohtaisia \u200b\u200btietojasi kolmansille osapuolille.<\/p>\r\n<ul data-spread=\"false\">\r\n<li>\r\n<p><strong>Palveluntarjoajien kanssa<\/strong>: Voimme jakaa tietoja kolmansien osapuolien palveluntarjoajien kanssa, jotka auttavat sivustomme ja palveluidemme yll\u00e4pit\u00e4misess\u00e4.<\/p>\r\n<\/li>\r\n<li>\r\n<p><strong>Lakis\u00e4\u00e4teiset vaatimukset<\/strong>: Voimme paljastaa tiedot, jos niit\u00e4 vaaditaan laillisissa oikeuksissamme.<\/p>\r\n<\/li>\r\n<li>\r\n<p><strong>Liikennet<\/strong>: Jos omaisuuser\u00e4t sulautuvat, hankinta tai myynti, tietosi voidaan siirt\u00e4\u00e4 uudelle yhteis\u00f6lle.<\/p>\r\n<\/li>\r\n<\/ul>\r\n<h3>4. Ev\u00e4steet ja seurantatekniikka<\/h3>\r\n<p>Sivustomme voi k\u00e4ytt\u00e4\u00e4 ev\u00e4steit\u00e4 ja vastaavia seurantatekniikoita k\u00e4ytt\u00f6kokemuksen parantamiseksi.<\/p>\r\n<h3>5. Tietoturva<\/h3>\r\n<p>Toteutamme asianmukaiset tietoturvatoimenpiteet henkil\u00f6tietojesi suojaamiseksi luvattomalta p\u00e4\u00e4sylt\u00e4, muutokselta, paljastamiselta tai tuhoamiselta.<\/p>\r\n<h3>6. Kolmannen osapuolen linkit<\/h3>\r\n<p>Sivustomme voi sis\u00e4lt\u00e4\u00e4 linkkej\u00e4 kolmansien osapuolien verkkosivustoihin.<\/p>\r\n<h3>7. Oikeutesi ja valintasi<\/h3>\r\n<p>Sijainnistasi riippuen sinulla voi olla tiettyj\u00e4 henkil\u00f6tietojasi oikeuksia, mukaan lukien:<\/p>\r\n<ul data-spread=\"false\">\r\n<li>\r\n<p>Tietojen k\u00e4ytt\u00e4minen, p\u00e4ivitt\u00e4minen tai poistaminen<\/p>\r\n<\/li>\r\n<li>\r\n<p>Markkinointiviestinn\u00e4st\u00e4<\/p>\r\n<\/li>\r\n<li>\r\n<p>Tietojenk\u00e4sittelyn rajoittaminen tai vastustaminen<\/p>\r\n<\/li>\r\n<li>\r\n<p>Tiedonkeruun suostumuksen vet\u00e4minen<\/p>\r\n<\/li>\r\n<\/ul>\r\n<p>Jos haluat k\u00e4ytt\u00e4\u00e4 n\u00e4it\u00e4 oikeuksia, ota meihin yhteytt\u00e4 osoitteessa\u00a0<a>hello@linkcharging.com<\/a>.<\/p>\r\n<h3>8. Muutokset t\u00e4h\u00e4n tietosuojak\u00e4yt\u00e4nt\u00f6\u00f6n<\/h3>\r\n<p>Voimme p\u00e4ivitt\u00e4\u00e4 t\u00e4t\u00e4 tietosuojak\u00e4yt\u00e4nt\u00f6\u00e4 ajoittain.<\/p>\r\n<h3>9. Ota yhteytt\u00e4<\/h3>\r\n<p>Jos sinulla on kysytt\u00e4v\u00e4\u00e4 tai huolenaiheita t\u00e4st\u00e4 tietosuojak\u00e4yt\u00e4nn\u00f6st\u00e4, ota meihin yhteytt\u00e4:<\/p>\r\n<p>LCTC<br \/>Huone 3019, rakennus 108b, nro 10a Jiuxianqiao North Road, Chaoyangin alue, Peking, PRC<br \/>S\u00e4hk\u00f6posti:\u00a0<a>hello@linkcharging.com<\/a><br \/>Puhelin: 010 56019678<\/p>\r\n<p>Kiitos, ett\u00e4 luotit LCTC: hen tietoihisi.<\/p>\r\n\t\t\t\t\t\t\t\t<\/div>\n\t\t\t\t<\/div>\n\t\t\t\t\t<\/div>\n\t\t\t\t<\/div>\n\t\t\t\t<\/div>","protected":false},"excerpt":{"rendered":"<p>Tietosuojak\u00e4yt\u00e4nn\u00f6n voimaantulop\u00e4iv\u00e4: 1. tammikuuta 2025 Tervetuloa LCTC: hen (\u201cme\u201d, \u201cmeid\u00e4n\u201d tai \u201cme\u201d).<\/p>","protected":false},"author":1,"featured_media":0,"parent":0,"menu_order":15,"comment_status":"closed","ping_status":"open","template":"elementor_canvas","meta":{"footnotes":""},"class_list":["post-3","page","type-page","status-publish","hentry"],"_links":{"self":[{"href":"https:\/\/www.lctc-group.com\/fi\/wp-json\/wp\/v2\/pages\/3","targetHints":{"allow":["GET"]}}],"collection":[{"href":"https:\/\/www.lctc-group.com\/fi\/wp-json\/wp\/v2\/pages"}],"about":[{"href":"https:\/\/www.lctc-group.com\/fi\/wp-json\/wp\/v2\/types\/page"}],"author":[{"embeddable":true,"href":"https:\/\/www.lctc-group.com\/fi\/wp-json\/wp\/v2\/users\/1"}],"replies":[{"embeddable":true,"href":"https:\/\/www.lctc-group.com\/fi\/wp-json\/wp\/v2\/comments?post=3"}],"version-history":[{"count":4,"href":"https:\/\/www.lctc-group.com\/fi\/wp-json\/wp\/v2\/pages\/3\/revisions"}],"predecessor-version":[{"id":1355,"href":"https:\/\/www.lctc-group.com\/fi\/wp-json\/wp\/v2\/pages\/3\/revisions\/1355"}],"wp:attachment":[{"href":"https:\/\/www.lctc-group.com\/fi\/wp-json\/wp\/v2\/media?parent=3"}],"curies":[{"name":"wp","href":"https:\/\/api.w.org\/{rel}","templated":true}]}}