{"id":3,"date":"2025-03-05T12:05:36","date_gmt":"2025-03-05T04:05:36","guid":{"rendered":"http:\/\/www.lctc-group.com\/?page_id=3"},"modified":"2025-03-28T11:46:17","modified_gmt":"2025-03-28T03:46:17","slug":"privacy-policy","status":"publish","type":"page","link":"https:\/\/www.lctc-group.com\/gd\/privacy-policy\/","title":{"rendered":"Poileasaidh D\u00ecomhaireachd"},"content":{"rendered":"<div data-elementor-type=\"wp-page\" data-elementor-id=\"3\" class=\"elementor elementor-3\" data-elementor-post-type=\"page\">\n\t\t\t\t<div class=\"elementor-element elementor-element-6c122b96 e-flex e-con-boxed e-con e-parent\" data-id=\"6c122b96\" data-element_type=\"container\">\n\t\t\t\t\t<div class=\"e-con-inner\">\n\t\t\t\t<div class=\"elementor-element elementor-element-765350d4 elementor-widget elementor-widget-text-editor\" data-id=\"765350d4\" data-element_type=\"widget\" data-widget_type=\"text-editor.default\">\n\t\t\t\t<div class=\"elementor-widget-container\">\n\t\t\t\t\t\t\t\t\t\r\n<p data-pm-slice=\"1 1 []\"><strong>Poileasaidh D\u00ecomhaireachd<\/strong><\/p>\r\n<p>Ceann-latha \u00e8ifeachdach: 1 Faoilleach, 2025<\/p>\r\n<p>F\u00e0ilte gu Lcc (\"bidh sinn,\" \"againn,\" no \"na SA\").\u00a0<a>https:\/\/www.lctc-group.com\/<\/a>\u00a0(an \"l\u00e0rach\").<\/p>\r\n<h3 class=\"wp-block-heading\">1. Fiosrachadh a chruinnicheas sinn<\/h3>\r\n<p>Bidh sinn a 'tional diofar she\u00f2rsaichean fiosrachaidh gus na seirbheisean againn a sholarachadh agus a leasachadh,:<\/p>\r\n<h4>a.<\/h4>\r\n<p>Is d\u00f2cha gun cruinnich sinn fiosrachadh a tha aithnichte gu pearsanta, leithid:<\/p>\r\n<ul data-spread=\"false\">\r\n<li>\r\n<p>Ainm<\/p>\r\n<\/li>\r\n<li>\r\n<p>Se\u00f2ladh puist-d<\/p>\r\n<\/li>\r\n<li>\r\n<p>\u00c0ireamh f\u00f2n<\/p>\r\n<\/li>\r\n<li>\r\n<p>Ainm a 'chompanaidh<\/p>\r\n<\/li>\r\n<li>\r\n<p>Fiosrachadh sam bith eile a bheir thu dhuinn gu saor-thoileach dhuinn<\/p>\r\n<\/li>\r\n<\/ul>\r\n<h4>b.<\/h4>\r\n<p>Faodaidh sinn cuideachd fiosrachadh neo-phearsanta a chruinneachadh, leithid:<\/p>\r\n<ul data-spread=\"false\">\r\n<li>\r\n<p>Se\u00f2rsa brabhsair<\/p>\r\n<\/li>\r\n<li>\r\n<p>Se\u00f2ladh IP<\/p>\r\n<\/li>\r\n<li>\r\n<p>Fiosrachadh inneal<\/p>\r\n<\/li>\r\n<li>\r\n<p>Briosgaidean agus teicne\u00f2lasan tracadh<\/p>\r\n<\/li>\r\n<li>\r\n<p>D\u00e0ta cleachdaidh l\u00e0rach-l\u00ecn<\/p>\r\n<\/li>\r\n<\/ul>\r\n<h3>2. Mar a chleachdas sinn an fhiosrachadh agad<\/h3>\r\n<p>Bidh sinn a 'cleachdadh am fiosrachadh cruinnichte airson na h-adhbharan a leanas:<\/p>\r\n<ul data-spread=\"false\">\r\n<li>\r\n<p>Gus na seirbheisean againn a sholarachadh agus a chumail suas<\/p>\r\n<\/li>\r\n<li>\r\n<p>Gus e\u00f2las luchd-cleachdaidh a leasachadh agus a phearsanachadh<\/p>\r\n<\/li>\r\n<li>\r\n<p>Gus conaltradh leat, gabhail a-steach freagairt a thoirt do cheistean agus \u00f9rachaidhean<\/p>\r\n<\/li>\r\n<li>\r\n<p>Gus sgr\u00f9dadh a dh\u00e8anamh air cleachdadh l\u00e0rach-l\u00ecn agus an l\u00e0rach againn a leasachadh<\/p>\r\n<\/li>\r\n<li>\r\n<p>Gus cumail ri dleastanasan laghail<\/p>\r\n<\/li>\r\n<\/ul>\r\n<h3>3. A 'roinneadh agus foillseachadh fiosrachaidh<\/h3>\r\n<p>Cha bhith sinn a 'reic, a' malairt, a 'malairt, no am fiosrachadh pearsanta agad a thoirt air m\u00e0l do threas ph\u00e0rtaidhean.<\/p>\r\n<ul data-spread=\"false\">\r\n<li>\r\n<p><strong>Le solaraichean seirbheis<\/strong>: Faodaidh sinn d\u00e0ta a roinn le solaraichean seirbheis treas-ph\u00e0rtaidh a chuidicheas le bhith ag adhartachadh ar l\u00e0rach agus na seirbheisean againn.<\/p>\r\n<\/li>\r\n<li>\r\n<p><strong>Riatanasan laghail<\/strong>: Faodaidh sinn fiosrachadh fhoillseachadh ma tha sin riatanach fon lagh no gus ar c\u00f2raichean laghail a dh\u00econ.<\/p>\r\n<\/li>\r\n<li>\r\n<p><strong>Gluasadan gn\u00ecomhachais<\/strong>: Ma thachras aonadh, togail no reic maoin, faodar am fiosrachadh agad a ghluasad gu eintiteas \u00f9r.<\/p>\r\n<\/li>\r\n<\/ul>\r\n<h3>4. Briosgaidean agus Teicne\u00f2lasan tracadh<\/h3>\r\n<p>Faodaidh an l\u00e0rach againn briosgaidean a chleachdadh agus teicne\u00f2lasan cumail s\u00f9ilach coltach ri bhith a 'cur ri e\u00f2las neach-cleachdaidh.<\/p>\r\n<h3>5. T\u00e8arainteachd d\u00e0ta<\/h3>\r\n<p>Bidh sinn a 'cur an gn\u00ecomh ceumannan t\u00e8arainteachd iomchaidh gus an d\u00e0ta pearsanta agad a dh\u00econ bho ruigsinneachd, atharrachadh, foillseachaidh no sgrios.<\/p>\r\n<h3>6. Ceanglaichean treas-ph\u00e0rtaidh<\/h3>\r\n<p>Faodaidh ceanglaichean a bhith anns an l\u00e0rach againn gu l\u00e0raich-l\u00ecn treas p\u00e0rtaidh.<\/p>\r\n<h3>7. Do ch\u00f2raichean agus do roghainnean<\/h3>\r\n<p>A r\u00e8ir an \u00e0ite agad, is d\u00f2cha gu bheil c\u00f2raichean s\u00f2nraichte agad a thaobh an d\u00e0ta pearsanta agad, nam measg:<\/p>\r\n<ul data-spread=\"false\">\r\n<li>\r\n<p>Faighinn a-steach, ag \u00f9rachadh, no cuir \u00e0s don fhiosrachadh agad<\/p>\r\n<\/li>\r\n<li>\r\n<p>A 'roghnachadh a-mach \u00e0 conaltradh margaidheachd<\/p>\r\n<\/li>\r\n<li>\r\n<p>A 'cuingealachadh no a' cur an aghaidh giollachd d\u00e0ta<\/p>\r\n<\/li>\r\n<li>\r\n<p>Cead a tharraing air ais airson a 'chruinneachadh d\u00e0ta<\/p>\r\n<\/li>\r\n<\/ul>\r\n<p>Gus na c\u00f2raichean sin a chleachdadh, cuir fios thugainn aig\u00a0<a>hello@linkcharging.com<\/a>.<\/p>\r\n<h3>8. Atharraichean air a 'phoileasaidh pr\u00ecobhaideachd seo<\/h3>\r\n<p>Faodaidh sinn am poileasaidh pr\u00ecobhaideachd seo \u00f9rachadh bho \u00e0m gu \u00e0m.<\/p>\r\n<h3>9. Cuir fios thugainn<\/h3>\r\n<p>Ma tha ceist no draghan sam bith agad mun phoileasaidh pr\u00ecobhaideachd seo, cuir fios thugainn aig:<\/p>\r\n<p>Lcc<br \/>R\u00f9m 3019, a 'togail 108b, \u00c0ir. 10a jiuxiao Rathad a Tuath, Chaoyang Sg\u00ecre, Beijing, PRC<br \/>Post-d:\u00a0<a>hello@linkcharging.com<\/a><br \/>F\u00f2n: 010 56019678<\/p>\r\n<p>Tapadh leibh airson earbsa Lcc leis an fhiosrachadh agad.<\/p>\r\n\t\t\t\t\t\t\t\t<\/div>\n\t\t\t\t<\/div>\n\t\t\t\t\t<\/div>\n\t\t\t\t<\/div>\n\t\t\t\t<\/div>","protected":false},"excerpt":{"rendered":"<p>Poileasaidh pr\u00ecobhaideachd Ceann-latha \u00e8ifeachdach: 1 Faoilleach FARACHDER GU LCCC (\"Tha sinn,\" \"\" ar, \"no\" sinn \").<\/p>","protected":false},"author":1,"featured_media":0,"parent":0,"menu_order":15,"comment_status":"closed","ping_status":"open","template":"elementor_canvas","meta":{"footnotes":""},"class_list":["post-3","page","type-page","status-publish","hentry"],"_links":{"self":[{"href":"https:\/\/www.lctc-group.com\/gd\/wp-json\/wp\/v2\/pages\/3","targetHints":{"allow":["GET"]}}],"collection":[{"href":"https:\/\/www.lctc-group.com\/gd\/wp-json\/wp\/v2\/pages"}],"about":[{"href":"https:\/\/www.lctc-group.com\/gd\/wp-json\/wp\/v2\/types\/page"}],"author":[{"embeddable":true,"href":"https:\/\/www.lctc-group.com\/gd\/wp-json\/wp\/v2\/users\/1"}],"replies":[{"embeddable":true,"href":"https:\/\/www.lctc-group.com\/gd\/wp-json\/wp\/v2\/comments?post=3"}],"version-history":[{"count":4,"href":"https:\/\/www.lctc-group.com\/gd\/wp-json\/wp\/v2\/pages\/3\/revisions"}],"predecessor-version":[{"id":1355,"href":"https:\/\/www.lctc-group.com\/gd\/wp-json\/wp\/v2\/pages\/3\/revisions\/1355"}],"wp:attachment":[{"href":"https:\/\/www.lctc-group.com\/gd\/wp-json\/wp\/v2\/media?parent=3"}],"curies":[{"name":"wp","href":"https:\/\/api.w.org\/{rel}","templated":true}]}}