{"id":3,"date":"2025-03-05T12:05:36","date_gmt":"2025-03-05T04:05:36","guid":{"rendered":"http:\/\/www.lctc-group.com\/?page_id=3"},"modified":"2025-03-28T11:46:17","modified_gmt":"2025-03-28T03:46:17","slug":"privacy-policy","status":"publish","type":"page","link":"https:\/\/www.lctc-group.com\/gl\/privacy-policy\/","title":{"rendered":"Pol\u00edtica de privacidade"},"content":{"rendered":"<div data-elementor-type=\"wp-page\" data-elementor-id=\"3\" class=\"elementor elementor-3\" data-elementor-post-type=\"page\">\n\t\t\t\t<div class=\"elementor-element elementor-element-6c122b96 e-flex e-con-boxed e-con e-parent\" data-id=\"6c122b96\" data-element_type=\"container\">\n\t\t\t\t\t<div class=\"e-con-inner\">\n\t\t\t\t<div class=\"elementor-element elementor-element-765350d4 elementor-widget elementor-widget-text-editor\" data-id=\"765350d4\" data-element_type=\"widget\" data-widget_type=\"text-editor.default\">\n\t\t\t\t<div class=\"elementor-widget-container\">\n\t\t\t\t\t\t\t\t\t\r\n<p data-pm-slice=\"1 1 []\"><strong>Pol\u00edtica de privacidade<\/strong><\/p>\r\n<p>Data de entrada en vigor: 1 de xaneiro de 2025<\/p>\r\n<p>Benvido a LCTC (\"n\u00f3s\", \"o noso\" ou \"n\u00f3s\").\u00a0<a>https:\/\/www.lctc-group.com\/<\/a>\u00a0(o \"sitio\").<\/p>\r\n<h3 class=\"wp-block-heading\">1. Informaci\u00f3n que recollemos<\/h3>\r\n<p>Recollemos diferentes tipos de informaci\u00f3n para proporcionar e mellorar os nosos servizos, inclu\u00edndo:<\/p>\r\n<h4>A.<\/h4>\r\n<p>Podemos recoller informaci\u00f3n de identificaci\u00f3n persoal, como:<\/p>\r\n<ul data-spread=\"false\">\r\n<li>\r\n<p>Nome<\/p>\r\n<\/li>\r\n<li>\r\n<p>Enderezo de correo electr\u00f3nico<\/p>\r\n<\/li>\r\n<li>\r\n<p>N\u00famero de tel\u00e9fono<\/p>\r\n<\/li>\r\n<li>\r\n<p>Nome da empresa<\/p>\r\n<\/li>\r\n<li>\r\n<p>Calquera outra informaci\u00f3n que nos proporcione voluntariamente<\/p>\r\n<\/li>\r\n<\/ul>\r\n<h4>b.<\/h4>\r\n<p>Tam\u00e9n podemos recoller informaci\u00f3n non persoal, como:<\/p>\r\n<ul data-spread=\"false\">\r\n<li>\r\n<p>Tipo do navegador<\/p>\r\n<\/li>\r\n<li>\r\n<p>Enderezo IP<\/p>\r\n<\/li>\r\n<li>\r\n<p>Informaci\u00f3n do dispositivo<\/p>\r\n<\/li>\r\n<li>\r\n<p>Cookies e tecnolox\u00edas de seguimento<\/p>\r\n<\/li>\r\n<li>\r\n<p>Datos de uso do sitio web<\/p>\r\n<\/li>\r\n<\/ul>\r\n<h3>2. Como usamos a t\u00faa informaci\u00f3n<\/h3>\r\n<p>Usamos a informaci\u00f3n recollida para os seguintes fins:<\/p>\r\n<ul data-spread=\"false\">\r\n<li>\r\n<p>Para proporcionar e manter os nosos servizos<\/p>\r\n<\/li>\r\n<li>\r\n<p>Para mellorar e personalizar a experiencia do usuario<\/p>\r\n<\/li>\r\n<li>\r\n<p>Para comunicarse contigo, inclu\u00edndo responder \u00e1s consultas e proporcionar actualizaci\u00f3ns<\/p>\r\n<\/li>\r\n<li>\r\n<p>Para analizar o uso do sitio web e mellorar o noso sitio<\/p>\r\n<\/li>\r\n<li>\r\n<p>Para cumprir as obrigas legais<\/p>\r\n<\/li>\r\n<\/ul>\r\n<h3>3. Compartir e divulgaci\u00f3n de informaci\u00f3n<\/h3>\r\n<p>Non vendemos, comerciamos nin alugamos a s\u00faa informaci\u00f3n persoal a terceiros.<\/p>\r\n<ul data-spread=\"false\">\r\n<li>\r\n<p><strong>Cos provedores de servizos<\/strong>: Podemos compartir datos con provedores de servizos de terceiros que axuden a operar o noso sitio e servizos.<\/p>\r\n<\/li>\r\n<li>\r\n<p><strong>Requisitos legais<\/strong>: Podemos divulgar informaci\u00f3n se o require a lei ou para protexer os nosos dereitos legais.<\/p>\r\n<\/li>\r\n<li>\r\n<p><strong>Transferencias empresariais<\/strong>: En caso de fusi\u00f3n, adquisici\u00f3n ou venda de activos, a s\u00faa informaci\u00f3n pode ser transferida a unha nova entidade.<\/p>\r\n<\/li>\r\n<\/ul>\r\n<h3>4. Galletas e tecnolox\u00edas de seguimento<\/h3>\r\n<p>O noso sitio pode usar cookies e tecnolox\u00edas de seguimento similares para mellorar a experiencia do usuario.<\/p>\r\n<h3>5. Seguridade de datos<\/h3>\r\n<p>Implementamos medidas de seguridade adecuadas para protexer os seus datos persoais de acceso, alteraci\u00f3n, divulgaci\u00f3n ou destruci\u00f3n non autorizados.<\/p>\r\n<h3>6. Ligaz\u00f3ns de terceiros<\/h3>\r\n<p>O noso sitio pode conter ligaz\u00f3ns a sitios web de terceiros.<\/p>\r\n<h3>7. Os teus dereitos e opci\u00f3ns<\/h3>\r\n<p>Dependendo da s\u00faa situaci\u00f3n, pode ter certos dereitos sobre os seus datos persoais, inclu\u00edndo:<\/p>\r\n<ul data-spread=\"false\">\r\n<li>\r\n<p>Acceder, actualizar ou eliminar a s\u00faa informaci\u00f3n<\/p>\r\n<\/li>\r\n<li>\r\n<p>Optando por comunicaci\u00f3ns de mercadotecnia<\/p>\r\n<\/li>\r\n<li>\r\n<p>Restrinxindo ou opo\u00f1endo ao procesamento de datos<\/p>\r\n<\/li>\r\n<li>\r\n<p>Retirar o consentimento para a recollida de datos<\/p>\r\n<\/li>\r\n<\/ul>\r\n<p>Para exercer estes dereitos, p\u00f3\u00f1ase en contacto connosco en\u00a0<a>hello@linkcharging.com<\/a>.<\/p>\r\n<h3>8. Cambios a esta pol\u00edtica de privacidade<\/h3>\r\n<p>Podemos actualizar de cando en vez esta pol\u00edtica de privacidade.<\/p>\r\n<h3>9. P\u00f3\u00f1ase en contacto connosco<\/h3>\r\n<p>Se tes algunha d\u00fabida ou preocupaci\u00f3n sobre esta pol\u00edtica de privacidade, p\u00f3\u00f1ase en contacto connosco en:<\/p>\r\n<p>LCTC<br \/>Sala 3019, edificio 108b, n\u00ba 10a Jiuxianqiao North Road, distrito de Chaoyang, Pequ\u00edn, PRC<br \/>Correo electr\u00f3nico:\u00a0<a>hello@linkcharging.com<\/a><br \/>Tel\u00e9fono: 010 56019678<\/p>\r\n<p>Grazas por confiar en LCTC coa t\u00faa informaci\u00f3n.<\/p>\r\n\t\t\t\t\t\t\t\t<\/div>\n\t\t\t\t<\/div>\n\t\t\t\t\t<\/div>\n\t\t\t\t<\/div>\n\t\t\t\t<\/div>","protected":false},"excerpt":{"rendered":"<p>Pol\u00edtica de privacidade Data de entrada en vigor: 1 de xaneiro de 2025 Benvido a LCTC (\"n\u00f3s\", \"o noso\" ou \"n\u00f3s\").<\/p>","protected":false},"author":1,"featured_media":0,"parent":0,"menu_order":15,"comment_status":"closed","ping_status":"open","template":"elementor_canvas","meta":{"footnotes":""},"class_list":["post-3","page","type-page","status-publish","hentry"],"_links":{"self":[{"href":"https:\/\/www.lctc-group.com\/gl\/wp-json\/wp\/v2\/pages\/3","targetHints":{"allow":["GET"]}}],"collection":[{"href":"https:\/\/www.lctc-group.com\/gl\/wp-json\/wp\/v2\/pages"}],"about":[{"href":"https:\/\/www.lctc-group.com\/gl\/wp-json\/wp\/v2\/types\/page"}],"author":[{"embeddable":true,"href":"https:\/\/www.lctc-group.com\/gl\/wp-json\/wp\/v2\/users\/1"}],"replies":[{"embeddable":true,"href":"https:\/\/www.lctc-group.com\/gl\/wp-json\/wp\/v2\/comments?post=3"}],"version-history":[{"count":4,"href":"https:\/\/www.lctc-group.com\/gl\/wp-json\/wp\/v2\/pages\/3\/revisions"}],"predecessor-version":[{"id":1355,"href":"https:\/\/www.lctc-group.com\/gl\/wp-json\/wp\/v2\/pages\/3\/revisions\/1355"}],"wp:attachment":[{"href":"https:\/\/www.lctc-group.com\/gl\/wp-json\/wp\/v2\/media?parent=3"}],"curies":[{"name":"wp","href":"https:\/\/api.w.org\/{rel}","templated":true}]}}