{"id":3,"date":"2025-03-05T12:05:36","date_gmt":"2025-03-05T04:05:36","guid":{"rendered":"http:\/\/www.lctc-group.com\/?page_id=3"},"modified":"2025-03-28T11:46:17","modified_gmt":"2025-03-28T03:46:17","slug":"privacy-policy","status":"publish","type":"page","link":"https:\/\/www.lctc-group.com\/hr\/privacy-policy\/","title":{"rendered":"Pravila o privatnosti"},"content":{"rendered":"<div data-elementor-type=\"wp-page\" data-elementor-id=\"3\" class=\"elementor elementor-3\" data-elementor-post-type=\"page\">\n\t\t\t\t<div class=\"elementor-element elementor-element-6c122b96 e-flex e-con-boxed e-con e-parent\" data-id=\"6c122b96\" data-element_type=\"container\">\n\t\t\t\t\t<div class=\"e-con-inner\">\n\t\t\t\t<div class=\"elementor-element elementor-element-765350d4 elementor-widget elementor-widget-text-editor\" data-id=\"765350d4\" data-element_type=\"widget\" data-widget_type=\"text-editor.default\">\n\t\t\t\t<div class=\"elementor-widget-container\">\n\t\t\t\t\t\t\t\t\t\r\n<p data-pm-slice=\"1 1 []\"><strong>Pravila o privatnosti<\/strong><\/p>\r\n<p>Datum stupanja na snagu: 1. sije\u010dnja 2025<\/p>\r\n<p>Dobrodo\u0161li u LCTC (\"Mi\", \"Na\u0161i\" ili \"Us\").\u00a0<a>https:\/\/www.lctc-group.com\/<\/a>\u00a0(\"web mjesto\").<\/p>\r\n<h3 class=\"wp-block-heading\">1. Informacije koje prikupljamo<\/h3>\r\n<p>Prikupljamo razli\u010dite vrste informacija kako bismo pru\u017eili i pobolj\u0161ali na\u0161e usluge, uklju\u010duju\u0107i:<\/p>\r\n<h4>a.<\/h4>\r\n<p>Mo\u017eemo prikupiti osobne podatke, poput:<\/p>\r\n<ul data-spread=\"false\">\r\n<li>\r\n<p>Ime<\/p>\r\n<\/li>\r\n<li>\r\n<p>E-mail adresa<\/p>\r\n<\/li>\r\n<li>\r\n<p>Telefonski broj<\/p>\r\n<\/li>\r\n<li>\r\n<p>Naziv tvrtke<\/p>\r\n<\/li>\r\n<li>\r\n<p>Sve druge informacije koje nam dobrovoljno date<\/p>\r\n<\/li>\r\n<\/ul>\r\n<h4>b.<\/h4>\r\n<p>Tako\u0111er mo\u017eemo prikupiti ne-osobne podatke, poput:<\/p>\r\n<ul data-spread=\"false\">\r\n<li>\r\n<p>Tip preglednika<\/p>\r\n<\/li>\r\n<li>\r\n<p>IP adresa<\/p>\r\n<\/li>\r\n<li>\r\n<p>Informacije o ure\u0111aju<\/p>\r\n<\/li>\r\n<li>\r\n<p>Kola\u010di\u0107i i tehnologije pra\u0107enja<\/p>\r\n<\/li>\r\n<li>\r\n<p>Podaci o kori\u0161tenju web stranice<\/p>\r\n<\/li>\r\n<\/ul>\r\n<h3>2. Kako koristimo va\u0161e podatke<\/h3>\r\n<p>Koristimo prikupljene podatke u sljede\u0107e svrhe:<\/p>\r\n<ul data-spread=\"false\">\r\n<li>\r\n<p>Pru\u017eiti i odr\u017eavati na\u0161e usluge<\/p>\r\n<\/li>\r\n<li>\r\n<p>Pobolj\u0161ati i personalizirati korisni\u010dko iskustvo<\/p>\r\n<\/li>\r\n<li>\r\n<p>Komunicirati s vama, uklju\u010duju\u0107i odgovaranje na upite i pru\u017eanje a\u017euriranja<\/p>\r\n<\/li>\r\n<li>\r\n<p>Za analizu upotrebe web mjesta i pobolj\u0161anje na\u0161e web stranice<\/p>\r\n<\/li>\r\n<li>\r\n<p>U skladu s zakonskim obvezama<\/p>\r\n<\/li>\r\n<\/ul>\r\n<h3>3. Dijeljenje i otkrivanje informacija<\/h3>\r\n<p>Ne prodajemo, ne prodajemo ili iznajmljujemo va\u0161e osobne podatke tre\u0107im stranama.<\/p>\r\n<ul data-spread=\"false\">\r\n<li>\r\n<p><strong>S pru\u017eateljima usluga<\/strong>: Podatke mo\u017eemo dijeliti s pru\u017eateljima usluga tre\u0107ih strana koji poma\u017eu u upravljanju na\u0161om web stranicom i uslugama.<\/p>\r\n<\/li>\r\n<li>\r\n<p><strong>Zakonski zahtjevi<\/strong>: Mo\u017eemo otkriti podatke ako to zahtijeva zakon ili da za\u0161titimo na\u0161a zakonska prava.<\/p>\r\n<\/li>\r\n<li>\r\n<p><strong>Poslovni transferi<\/strong>: U slu\u010daju spajanja, stjecanja ili prodaje imovine, va\u0161e podatke mogu se prenijeti na novi entitet.<\/p>\r\n<\/li>\r\n<\/ul>\r\n<h3>4. Kola\u010di\u0107i i tehnologije pra\u0107enja<\/h3>\r\n<p>Na\u0161a web lokacija mo\u017ee koristiti kola\u010di\u0107e i sli\u010dne tehnologije pra\u0107enja za pobolj\u0161anje korisni\u010dkog iskustva.<\/p>\r\n<h3>5. Sigurnost podataka<\/h3>\r\n<p>Primjenjujemo odgovaraju\u0107e sigurnosne mjere kako bismo za\u0161titili va\u0161e osobne podatke od neovla\u0161tenog pristupa, izmjena, otkrivanja ili uni\u0161tenja.<\/p>\r\n<h3>6. Linkove tre\u0107e strane<\/h3>\r\n<p>Na\u0161a web stranica mo\u017ee sadr\u017eavati veze do web stranica tre\u0107ih strana.<\/p>\r\n<h3>7. Va\u0161a prava i izbori<\/h3>\r\n<p>Ovisno o va\u0161oj lokaciji, mo\u017eda \u0107ete imati odre\u0111ena prava u vezi s va\u0161im osobnim podacima, uklju\u010duju\u0107i:<\/p>\r\n<ul data-spread=\"false\">\r\n<li>\r\n<p>Pristup, a\u017euriranje ili brisanje va\u0161ih podataka<\/p>\r\n<\/li>\r\n<li>\r\n<p>Odlu\u010divanje iz marketin\u0161ke komunikacije<\/p>\r\n<\/li>\r\n<li>\r\n<p>Ograni\u010davanje ili prigovor na obradu podataka<\/p>\r\n<\/li>\r\n<li>\r\n<p>Povla\u010denje pristanka za prikupljanje podataka<\/p>\r\n<\/li>\r\n<\/ul>\r\n<p>Da biste iskoristili ta prava, kontaktirajte nas na\u00a0<a>hello@linkcharging.com<\/a>.<\/p>\r\n<h3>8. Promjene ove politike o privatnosti<\/h3>\r\n<p>Povremeno mo\u017eemo a\u017eurirati ovu politiku privatnosti.<\/p>\r\n<h3>9. Kontaktirajte nas<\/h3>\r\n<p>Ako imate bilo kakvih pitanja ili nedoumica u vezi s ovom Pravilima o privatnosti, kontaktirajte nas na:<\/p>\r\n<p>Lctc<br \/>Soba 3019, zgrada 108b, br. 10A Jiuxianqiao North Road, okrug Chaoyang, Peking, PRC<br \/>E -po\u0161ta:\u00a0<a>hello@linkcharging.com<\/a><br \/>Telefon: 010 56019678<\/p>\r\n<p>Zahvaljujemo \u0161to ste vjerovali LCTC -u s va\u0161im podacima.<\/p>\r\n\t\t\t\t\t\t\t\t<\/div>\n\t\t\t\t<\/div>\n\t\t\t\t\t<\/div>\n\t\t\t\t<\/div>\n\t\t\t\t<\/div>","protected":false},"excerpt":{"rendered":"<p>Pravila o privatnosti Datum stupanja na snagu: 1. sije\u010dnja 2025. Dobrodo\u0161li u LCTC (\u201eMi\u201c, \u201eNa\u0161i\u201c ili \u201eUs\u201c).<\/p>","protected":false},"author":1,"featured_media":0,"parent":0,"menu_order":15,"comment_status":"closed","ping_status":"open","template":"elementor_canvas","meta":{"footnotes":""},"class_list":["post-3","page","type-page","status-publish","hentry"],"_links":{"self":[{"href":"https:\/\/www.lctc-group.com\/hr\/wp-json\/wp\/v2\/pages\/3","targetHints":{"allow":["GET"]}}],"collection":[{"href":"https:\/\/www.lctc-group.com\/hr\/wp-json\/wp\/v2\/pages"}],"about":[{"href":"https:\/\/www.lctc-group.com\/hr\/wp-json\/wp\/v2\/types\/page"}],"author":[{"embeddable":true,"href":"https:\/\/www.lctc-group.com\/hr\/wp-json\/wp\/v2\/users\/1"}],"replies":[{"embeddable":true,"href":"https:\/\/www.lctc-group.com\/hr\/wp-json\/wp\/v2\/comments?post=3"}],"version-history":[{"count":4,"href":"https:\/\/www.lctc-group.com\/hr\/wp-json\/wp\/v2\/pages\/3\/revisions"}],"predecessor-version":[{"id":1355,"href":"https:\/\/www.lctc-group.com\/hr\/wp-json\/wp\/v2\/pages\/3\/revisions\/1355"}],"wp:attachment":[{"href":"https:\/\/www.lctc-group.com\/hr\/wp-json\/wp\/v2\/media?parent=3"}],"curies":[{"name":"wp","href":"https:\/\/api.w.org\/{rel}","templated":true}]}}