{"id":3,"date":"2025-03-05T12:05:36","date_gmt":"2025-03-05T04:05:36","guid":{"rendered":"http:\/\/www.lctc-group.com\/?page_id=3"},"modified":"2025-03-28T11:46:17","modified_gmt":"2025-03-28T03:46:17","slug":"privacy-policy","status":"publish","type":"page","link":"https:\/\/www.lctc-group.com\/hu\/adatvedelmi-politika\/","title":{"rendered":"Adatv\u00e9delmi ir\u00e1nyelv"},"content":{"rendered":"<div data-elementor-type=\"wp-page\" data-elementor-id=\"3\" class=\"elementor elementor-3\" data-elementor-post-type=\"page\">\n\t\t\t\t<div class=\"elementor-element elementor-element-6c122b96 e-flex e-con-boxed e-con e-parent\" data-id=\"6c122b96\" data-element_type=\"container\">\n\t\t\t\t\t<div class=\"e-con-inner\">\n\t\t\t\t<div class=\"elementor-element elementor-element-765350d4 elementor-widget elementor-widget-text-editor\" data-id=\"765350d4\" data-element_type=\"widget\" data-widget_type=\"text-editor.default\">\n\t\t\t\t<div class=\"elementor-widget-container\">\n\t\t\t\t\t\t\t\t\t\r\n<p data-pm-slice=\"1 1 []\"><strong>Adatv\u00e9delmi ir\u00e1nyelv<\/strong><\/p>\r\n<p>Hat\u00e1lybal\u00e9p\u00e9s d\u00e1tuma: 2025. janu\u00e1r 1.<\/p>\r\n<p>\u00dcdv\u00f6z\u00f6lj\u00fck az LCTC -ben (\u201emi\u201d, \u201emi\u201d vagy \u201emi\u201d).\u00a0<a>https:\/\/www.lctc-group.com\/<\/a>\u00a0(a \u201ewebhely\u201d).<\/p>\r\n<h3 class=\"wp-block-heading\">1. Inform\u00e1ci\u00f3, amelyet \u00f6sszegy\u0171jt\u00fcnk<\/h3>\r\n<p>K\u00fcl\u00f6nb\u00f6z\u0151 t\u00edpus\u00fa inform\u00e1ci\u00f3kat gy\u0171jt\u00fcnk annak \u00e9rdek\u00e9ben, hogy szolg\u00e1ltat\u00e1sainkat ny\u00fajtsuk \u00e9s jav\u00edtsuk:<\/p>\r\n<h4>a.<\/h4>\r\n<p>Szem\u00e9lyesen azonos\u00edthat\u00f3 inform\u00e1ci\u00f3kat gy\u0171jthet\u00fcnk, p\u00e9ld\u00e1ul:<\/p>\r\n<ul data-spread=\"false\">\r\n<li>\r\n<p>N\u00e9v<\/p>\r\n<\/li>\r\n<li>\r\n<p>E -mail c\u00edm<\/p>\r\n<\/li>\r\n<li>\r\n<p>Telefonsz\u00e1m<\/p>\r\n<\/li>\r\n<li>\r\n<p>T\u00e1rsas\u00e1g neve<\/p>\r\n<\/li>\r\n<li>\r\n<p>B\u00e1rmely egy\u00e9b inform\u00e1ci\u00f3t, amelyet \u00f6nk\u00e9nt megad nek\u00fcnk<\/p>\r\n<\/li>\r\n<\/ul>\r\n<h4>b.<\/h4>\r\n<p>Nem szem\u00e9lyes inform\u00e1ci\u00f3kat is gy\u0171jthet\u00fcnk, p\u00e9ld\u00e1ul:<\/p>\r\n<ul data-spread=\"false\">\r\n<li>\r\n<p>B\u00f6ng\u00e9sz\u0151 t\u00edpus<\/p>\r\n<\/li>\r\n<li>\r\n<p>IP -c\u00edm<\/p>\r\n<\/li>\r\n<li>\r\n<p>Eszk\u00f6zinform\u00e1ci\u00f3k<\/p>\r\n<\/li>\r\n<li>\r\n<p>S\u00fctik \u00e9s nyomk\u00f6vet\u0151 technol\u00f3gi\u00e1k<\/p>\r\n<\/li>\r\n<li>\r\n<p>A weboldal felhaszn\u00e1l\u00e1si adatok<\/p>\r\n<\/li>\r\n<\/ul>\r\n<h3>2. Hogyan haszn\u00e1ljuk az \u00d6n adatait<\/h3>\r\n<p>Az \u00f6sszegy\u0171jt\u00f6tt inform\u00e1ci\u00f3kat a k\u00f6vetkez\u0151 c\u00e9lokra haszn\u00e1ljuk:<\/p>\r\n<ul data-spread=\"false\">\r\n<li>\r\n<p>Szolg\u00e1ltat\u00e1saink ny\u00fajt\u00e1sa \u00e9s karbantart\u00e1sa<\/p>\r\n<\/li>\r\n<li>\r\n<p>A felhaszn\u00e1l\u00f3i \u00e9lm\u00e9ny fejleszt\u00e9se \u00e9s szem\u00e9lyre szab\u00e1sa \u00e9rdek\u00e9ben<\/p>\r\n<\/li>\r\n<li>\r\n<p>Kommunik\u00e1lni veled, bele\u00e9rtve a k\u00e9rd\u00e9sekre val\u00f3 v\u00e1laszad\u00e1st \u00e9s a friss\u00edt\u00e9sek biztos\u00edt\u00e1s\u00e1t<\/p>\r\n<\/li>\r\n<li>\r\n<p>A weboldal haszn\u00e1lat\u00e1nak elemz\u00e9se \u00e9s webhely\u00fcnk fejleszt\u00e9se<\/p>\r\n<\/li>\r\n<li>\r\n<p>Hogy megfeleljen a jogi k\u00f6telezetts\u00e9geknek<\/p>\r\n<\/li>\r\n<\/ul>\r\n<h3>3. Az inform\u00e1ci\u00f3k megoszt\u00e1sa \u00e9s nyilv\u00e1noss\u00e1gra hozatala<\/h3>\r\n<p>Nem adjuk el, nem keresked\u00fcnk, \u00e9s nem b\u00e9rel\u00fcnk szem\u00e9lyes adatait harmadik feleknek.<\/p>\r\n<ul data-spread=\"false\">\r\n<li>\r\n<p><strong>Szolg\u00e1ltat\u00f3kkal<\/strong>: Megoszthatjuk az adatokat harmadik f\u00e9l szolg\u00e1ltat\u00f3kkal, akik seg\u00edtenek a webhely\u00fcnk \u00e9s a szolg\u00e1ltat\u00e1sok m\u0171k\u00f6dtet\u00e9s\u00e9ben.<\/p>\r\n<\/li>\r\n<li>\r\n<p><strong>Jogi k\u00f6vetelm\u00e9nyek<\/strong>: K\u00f6zz\u00e9tehetj\u00fck az inform\u00e1ci\u00f3kat, ha a t\u00f6rv\u00e9ny el\u0151\u00edrja, vagy a t\u00f6rv\u00e9nyes jogaink v\u00e9delme \u00e9rdek\u00e9ben.<\/p>\r\n<\/li>\r\n<li>\r\n<p><strong>\u00dczleti transzferek<\/strong>: Egyes\u00fcl\u00e9s, beszerz\u00e9s vagy eszk\u00f6z\u00e9rt\u00e9kes\u00edt\u00e9s eset\u00e9n az \u00d6n adatait \u00e1tadhatjuk egy \u00faj szervezetnek.<\/p>\r\n<\/li>\r\n<\/ul>\r\n<h3>4. s\u00fctik \u00e9s nyomk\u00f6vet\u00e9si technol\u00f3gi\u00e1k<\/h3>\r\n<p>Webhely\u00fcnk s\u00fctiket \u00e9s hasonl\u00f3 nyomk\u00f6vet\u0151 technol\u00f3gi\u00e1kat haszn\u00e1lhat a felhaszn\u00e1l\u00f3i \u00e9lm\u00e9ny jav\u00edt\u00e1s\u00e1hoz.<\/p>\r\n<h3>5. Adatbiztons\u00e1g<\/h3>\r\n<p>Megfelel\u0151 biztons\u00e1gi int\u00e9zked\u00e9seket hajtunk v\u00e9gre, hogy megv\u00e9dj\u00fck szem\u00e9lyes adatait a jogosulatlan hozz\u00e1f\u00e9r\u00e9st\u0151l, megv\u00e1ltoztat\u00e1s\u00e1t, k\u00f6zz\u00e9t\u00e9tel\u00e9t vagy megsemmis\u00edt\u00e9s\u00e9t\u0151l.<\/p>\r\n<h3>6. harmadik f\u00e9l linkek<\/h3>\r\n<p>Webhely\u00fcnk linkeket tartalmazhat a harmadik f\u00e9l webhelyeire.<\/p>\r\n<h3>7. jogai \u00e9s d\u00f6nt\u00e9sei<\/h3>\r\n<p>A tart\u00f3zkod\u00e1si hely\u00e9t\u0151l f\u00fcgg\u0151en bizonyos jogai vannak a szem\u00e9lyes adataival kapcsolatban, ide\u00e9rtve a k\u00f6vetkez\u0151ket is:<\/p>\r\n<ul data-spread=\"false\">\r\n<li>\r\n<p>Az adatainak el\u00e9r\u00e9se, friss\u00edt\u00e9se vagy t\u00f6rl\u00e9se<\/p>\r\n<\/li>\r\n<li>\r\n<p>A marketingkommunik\u00e1ci\u00f3 elhagy\u00e1sa<\/p>\r\n<\/li>\r\n<li>\r\n<p>Az adatfeldolgoz\u00e1s korl\u00e1toz\u00e1sa vagy kifog\u00e1sa<\/p>\r\n<\/li>\r\n<li>\r\n<p>Az adatgy\u0171jt\u00e9shez val\u00f3 hozz\u00e1j\u00e1rul\u00e1s visszavon\u00e1sa<\/p>\r\n<\/li>\r\n<\/ul>\r\n<p>E jogok gyakorl\u00e1s\u00e1hoz k\u00e9rj\u00fck, vegye fel a kapcsolatot vel\u00fcnk a k\u00f6vetkez\u0151 c\u00edmen:\u00a0<a>hello@linkcharging.com<\/a>.<\/p>\r\n<h3>8. Az adatv\u00e9delmi ir\u00e1nyelv v\u00e1ltoz\u00e1sai<\/h3>\r\n<p>Id\u0151r\u0151l id\u0151re friss\u00edthetj\u00fck ezt az adatv\u00e9delmi ir\u00e1nyelvet.<\/p>\r\n<h3>9. Vegye fel vel\u00fcnk a kapcsolatot<\/h3>\r\n<p>Ha b\u00e1rmilyen k\u00e9rd\u00e9se vagy agg\u00e1lya van ezzel az adatv\u00e9delmi politik\u00e1val kapcsolatban, k\u00e9rj\u00fck, vegye fel vel\u00fcnk a kapcsolatot a k\u00f6vetkez\u0151 c\u00edmen:<\/p>\r\n<p>LCTC<br \/>3019. szoba, 108B \u00e9p\u00fclet, 10A. No. Jiuxianqiao North Road, Chaoyang ker\u00fclet, Peking, K\u00ednai K\u00edna<br \/>Email:\u00a0<a>hello@linkcharging.com<\/a><br \/>Telefon: 010 56019678<\/p>\r\n<p>K\u00f6sz\u00f6nj\u00fck, hogy b\u00edzott az LCTC -ben az \u00d6n adatain\u00e1l.<\/p>\r\n\t\t\t\t\t\t\t\t<\/div>\n\t\t\t\t<\/div>\n\t\t\t\t\t<\/div>\n\t\t\t\t<\/div>\n\t\t\t\t<\/div>","protected":false},"excerpt":{"rendered":"<p>Adatv\u00e9delmi ir\u00e1nyelvek Hat\u00e1lybal\u00e9p\u00e9se: 2025. janu\u00e1r 1. \u00dcdv\u00f6z\u00f6lj\u00fck az LCTC -ben (\u201emi\u201d, \u201emi\u201d vagy \u201eUSA\u201d).<\/p>","protected":false},"author":1,"featured_media":0,"parent":0,"menu_order":15,"comment_status":"closed","ping_status":"open","template":"elementor_canvas","meta":{"footnotes":""},"class_list":["post-3","page","type-page","status-publish","hentry"],"_links":{"self":[{"href":"https:\/\/www.lctc-group.com\/hu\/wp-json\/wp\/v2\/pages\/3","targetHints":{"allow":["GET"]}}],"collection":[{"href":"https:\/\/www.lctc-group.com\/hu\/wp-json\/wp\/v2\/pages"}],"about":[{"href":"https:\/\/www.lctc-group.com\/hu\/wp-json\/wp\/v2\/types\/page"}],"author":[{"embeddable":true,"href":"https:\/\/www.lctc-group.com\/hu\/wp-json\/wp\/v2\/users\/1"}],"replies":[{"embeddable":true,"href":"https:\/\/www.lctc-group.com\/hu\/wp-json\/wp\/v2\/comments?post=3"}],"version-history":[{"count":4,"href":"https:\/\/www.lctc-group.com\/hu\/wp-json\/wp\/v2\/pages\/3\/revisions"}],"predecessor-version":[{"id":1355,"href":"https:\/\/www.lctc-group.com\/hu\/wp-json\/wp\/v2\/pages\/3\/revisions\/1355"}],"wp:attachment":[{"href":"https:\/\/www.lctc-group.com\/hu\/wp-json\/wp\/v2\/media?parent=3"}],"curies":[{"name":"wp","href":"https:\/\/api.w.org\/{rel}","templated":true}]}}