{"id":3,"date":"2025-03-05T12:05:36","date_gmt":"2025-03-05T04:05:36","guid":{"rendered":"http:\/\/www.lctc-group.com\/?page_id=3"},"modified":"2025-03-28T11:46:17","modified_gmt":"2025-03-28T03:46:17","slug":"privacy-policy","status":"publish","type":"page","link":"https:\/\/www.lctc-group.com\/is\/privacy-policy\/","title":{"rendered":"Pers\u00f3nuverndarstefna"},"content":{"rendered":"<div data-elementor-type=\"wp-page\" data-elementor-id=\"3\" class=\"elementor elementor-3\" data-elementor-post-type=\"page\">\n\t\t\t\t<div class=\"elementor-element elementor-element-6c122b96 e-flex e-con-boxed e-con e-parent\" data-id=\"6c122b96\" data-element_type=\"container\">\n\t\t\t\t\t<div class=\"e-con-inner\">\n\t\t\t\t<div class=\"elementor-element elementor-element-765350d4 elementor-widget elementor-widget-text-editor\" data-id=\"765350d4\" data-element_type=\"widget\" data-widget_type=\"text-editor.default\">\n\t\t\t\t<div class=\"elementor-widget-container\">\n\t\t\t\t\t\t\t\t\t\r\n<p data-pm-slice=\"1 1 []\"><strong>Pers\u00f3nuverndarstefna<\/strong><\/p>\r\n<p>Gildisdagsetning: 1. jan\u00faar 2025<\/p>\r\n<p>Veri\u00f0 velkomin \u00ed LCTC (\u201evi\u00f0,\u201c \u201eokkar\u201c e\u00f0a \u201eokkur\u201c).\u00a0<a>https:\/\/www.lctc-group.com\/<\/a>\u00a0(\u201evefurinn\u201c).<\/p>\r\n<h3 class=\"wp-block-heading\">1. uppl\u00fdsingar sem vi\u00f0 s\u00f6fnum<\/h3>\r\n<p>Vi\u00f0 s\u00f6fnum mismunandi tegundum uppl\u00fdsinga til a\u00f0 veita og b\u00e6ta \u00fej\u00f3nustu okkar, \u00fear \u00e1 me\u00f0al:<\/p>\r\n<h4>A.<\/h4>\r\n<p>Vi\u00f0 g\u00e6tum safna\u00f0 pers\u00f3nugreinanlegum uppl\u00fdsingum, svo sem:<\/p>\r\n<ul data-spread=\"false\">\r\n<li>\r\n<p>Nafn<\/p>\r\n<\/li>\r\n<li>\r\n<p>Netfang<\/p>\r\n<\/li>\r\n<li>\r\n<p>S\u00edman\u00famer<\/p>\r\n<\/li>\r\n<li>\r\n<p>Nafn fyrirt\u00e6kisins<\/p>\r\n<\/li>\r\n<li>\r\n<p>Allar a\u00f0rar uppl\u00fdsingar sem \u00fe\u00fa veitir okkur sj\u00e1lfviljug<\/p>\r\n<\/li>\r\n<\/ul>\r\n<h4>b.<\/h4>\r\n<p>Vi\u00f0 g\u00e6tum l\u00edka safna\u00f0 uppl\u00fdsingum sem ekki eru pers\u00f3nulegar, svo sem:<\/p>\r\n<ul data-spread=\"false\">\r\n<li>\r\n<p>Ger\u00f0 vafra<\/p>\r\n<\/li>\r\n<li>\r\n<p>IP -t\u00f6lu<\/p>\r\n<\/li>\r\n<li>\r\n<p>Uppl\u00fdsingar um t\u00e6ki<\/p>\r\n<\/li>\r\n<li>\r\n<p>Sm\u00e1k\u00f6kur og m\u00e6lingart\u00e6kni<\/p>\r\n<\/li>\r\n<li>\r\n<p>G\u00f6gn um notkun vefs\u00ed\u00f0na<\/p>\r\n<\/li>\r\n<\/ul>\r\n<h3>2.. Hvernig notum vi\u00f0 uppl\u00fdsingar \u00fe\u00ednar<\/h3>\r\n<p>Vi\u00f0 notum safna\u00f0ar uppl\u00fdsingar \u00ed eftirfarandi tilgangi:<\/p>\r\n<ul data-spread=\"false\">\r\n<li>\r\n<p>A\u00f0 veita og vi\u00f0halda \u00fej\u00f3nustu okkar<\/p>\r\n<\/li>\r\n<li>\r\n<p>Til a\u00f0 b\u00e6ta og s\u00e9rsn\u00ed\u00f0a notendaupplifun<\/p>\r\n<\/li>\r\n<li>\r\n<p>A\u00f0 eiga samskipti vi\u00f0 \u00feig, \u00fear \u00e1 me\u00f0al a\u00f0 svara fyrirspurnum og veita uppf\u00e6rslur<\/p>\r\n<\/li>\r\n<li>\r\n<p>Til a\u00f0 greina notkun vefs\u00ed\u00f0na og b\u00e6ta s\u00ed\u00f0una okkar<\/p>\r\n<\/li>\r\n<li>\r\n<p>A\u00f0 uppfylla lagalegar skyldur<\/p>\r\n<\/li>\r\n<\/ul>\r\n<h3>3. Mi\u00f0lun og mi\u00f0lun uppl\u00fdsinga<\/h3>\r\n<p>Vi\u00f0 seljum ekki, vi\u00f0skipti e\u00f0a leigjum pers\u00f3nulegar uppl\u00fdsingar \u00fe\u00ednar til \u00feri\u00f0ja a\u00f0ila.<\/p>\r\n<ul data-spread=\"false\">\r\n<li>\r\n<p><strong>Me\u00f0 \u00fej\u00f3nustua\u00f0ilum<\/strong>: Vi\u00f0 kunnum a\u00f0 deila g\u00f6gnum me\u00f0 \u00fej\u00f3nustua\u00f0ilum \u00feri\u00f0ja a\u00f0ila sem a\u00f0sto\u00f0a vi\u00f0 a\u00f0 reka vefs\u00ed\u00f0u okkar og \u00fej\u00f3nustu.<\/p>\r\n<\/li>\r\n<li>\r\n<p><strong>Lagalegar kr\u00f6fur<\/strong>: Vi\u00f0 kunnum a\u00f0 birta uppl\u00fdsingar ef l\u00f6g krefjast e\u00f0a til a\u00f0 vernda lagaleg r\u00e9ttindi okkar.<\/p>\r\n<\/li>\r\n<li>\r\n<p><strong>Vi\u00f0skiptatilf\u00e6rslur<\/strong>: Ef um samruna, yfirt\u00f6ku e\u00f0a s\u00f6lu eigna er heimilt a\u00f0 flytja uppl\u00fdsingar \u00fe\u00ednar til n\u00fdrrar a\u00f0ila.<\/p>\r\n<\/li>\r\n<\/ul>\r\n<h3>4.. K\u00f6kur og m\u00e6lingart\u00e6kni<\/h3>\r\n<p>Vefs\u00ed\u00f0an okkar g\u00e6ti nota\u00f0 sm\u00e1k\u00f6kur og svipa\u00f0a m\u00e6lingart\u00e6kni til a\u00f0 auka upplifun notenda.<\/p>\r\n<h3>5. Gagna\u00f6ryggi<\/h3>\r\n<p>Vi\u00f0 innlei\u00f0um vi\u00f0eigandi \u00f6ryggisr\u00e1\u00f0stafanir til a\u00f0 vernda pers\u00f3nuuppl\u00fdsingar \u00fe\u00ednar gegn \u00f3vi\u00f0komandi a\u00f0gangi, breytingum, uppl\u00fdsingagj\u00f6f e\u00f0a ey\u00f0ileggingu.<\/p>\r\n<h3>6. Tenglar \u00feri\u00f0ja a\u00f0ila<\/h3>\r\n<p>Vefs\u00ed\u00f0an okkar getur innihaldi\u00f0 tengla \u00e1 vefs\u00ed\u00f0ur \u00feri\u00f0ja a\u00f0ila.<\/p>\r\n<h3>7. R\u00e9ttindi \u00fe\u00edn og val<\/h3>\r\n<p>\u00dea\u00f0 fer eftir sta\u00f0setningu \u00feinni, \u00fe\u00fa g\u00e6tir haft \u00e1kve\u00f0in r\u00e9ttindi var\u00f0andi pers\u00f3nuuppl\u00fdsingar \u00fe\u00ednar, \u00fear me\u00f0 tali\u00f0:<\/p>\r\n<ul data-spread=\"false\">\r\n<li>\r\n<p>A\u00f0gangur, uppf\u00e6ra e\u00f0a ey\u00f0a uppl\u00fdsingum \u00fe\u00ednum<\/p>\r\n<\/li>\r\n<li>\r\n<p>A\u00f0 af\u00feakka marka\u00f0ssamskipti<\/p>\r\n<\/li>\r\n<li>\r\n<p>Takmarka e\u00f0a m\u00f3tm\u00e6la gagnavinnslu<\/p>\r\n<\/li>\r\n<li>\r\n<p>Draga sam\u00feykki fyrir gagna\u00f6flun<\/p>\r\n<\/li>\r\n<\/ul>\r\n<p>Til a\u00f0 n\u00fdta \u00feessi r\u00e9ttindi, vinsamlegast haf\u00f0u samband vi\u00f0 okkur kl\u00a0<a>hello@linkcharging.com<\/a>.<\/p>\r\n<h3>8. Breytingar \u00e1 \u00feessari pers\u00f3nuverndarstefnu<\/h3>\r\n<p>Vi\u00f0 g\u00e6tum uppf\u00e6rt \u00feessa pers\u00f3nuverndarstefnu af og til.<\/p>\r\n<h3>9. Haf\u00f0u samband<\/h3>\r\n<p>Ef \u00fe\u00fa hefur einhverjar spurningar e\u00f0a \u00e1hyggjur af \u00feessari pers\u00f3nuverndarstefnu, vinsamlegast haf\u00f0u samband vi\u00f0 okkur \u00e1:<\/p>\r\n<p>LCTC<br \/>Herbergi 3019, Build<br \/>Netfang:\u00a0<a>hello@linkcharging.com<\/a><br \/>S\u00edmi: 010 56019678<\/p>\r\n<p>\u00deakka \u00fe\u00e9r fyrir a\u00f0 treysta LCTC me\u00f0 uppl\u00fdsingum \u00fe\u00ednum.<\/p>\r\n\t\t\t\t\t\t\t\t<\/div>\n\t\t\t\t<\/div>\n\t\t\t\t\t<\/div>\n\t\t\t\t<\/div>\n\t\t\t\t<\/div>","protected":false},"excerpt":{"rendered":"<p>Gildisdagsetning pers\u00f3nuverndarstefnu: 1. jan\u00faar 2025 Velkomin \u00ed LCTC (\u201evi\u00f0,\u201c \u201eokkar\u201c e\u00f0a \u201eokkur\u201c).<\/p>","protected":false},"author":1,"featured_media":0,"parent":0,"menu_order":15,"comment_status":"closed","ping_status":"open","template":"elementor_canvas","meta":{"footnotes":""},"class_list":["post-3","page","type-page","status-publish","hentry"],"_links":{"self":[{"href":"https:\/\/www.lctc-group.com\/is\/wp-json\/wp\/v2\/pages\/3","targetHints":{"allow":["GET"]}}],"collection":[{"href":"https:\/\/www.lctc-group.com\/is\/wp-json\/wp\/v2\/pages"}],"about":[{"href":"https:\/\/www.lctc-group.com\/is\/wp-json\/wp\/v2\/types\/page"}],"author":[{"embeddable":true,"href":"https:\/\/www.lctc-group.com\/is\/wp-json\/wp\/v2\/users\/1"}],"replies":[{"embeddable":true,"href":"https:\/\/www.lctc-group.com\/is\/wp-json\/wp\/v2\/comments?post=3"}],"version-history":[{"count":4,"href":"https:\/\/www.lctc-group.com\/is\/wp-json\/wp\/v2\/pages\/3\/revisions"}],"predecessor-version":[{"id":1355,"href":"https:\/\/www.lctc-group.com\/is\/wp-json\/wp\/v2\/pages\/3\/revisions\/1355"}],"wp:attachment":[{"href":"https:\/\/www.lctc-group.com\/is\/wp-json\/wp\/v2\/media?parent=3"}],"curies":[{"name":"wp","href":"https:\/\/api.w.org\/{rel}","templated":true}]}}