{"id":3,"date":"2025-03-05T12:05:36","date_gmt":"2025-03-05T04:05:36","guid":{"rendered":"http:\/\/www.lctc-group.com\/?page_id=3"},"modified":"2025-03-28T11:46:17","modified_gmt":"2025-03-28T03:46:17","slug":"privacy-policy","status":"publish","type":"page","link":"https:\/\/www.lctc-group.com\/pl\/polityka-prywatnosci\/","title":{"rendered":"Polityka prywatno\u015bci"},"content":{"rendered":"<div data-elementor-type=\"wp-page\" data-elementor-id=\"3\" class=\"elementor elementor-3\" data-elementor-post-type=\"page\">\n\t\t\t\t<div class=\"elementor-element elementor-element-6c122b96 e-flex e-con-boxed e-con e-parent\" data-id=\"6c122b96\" data-element_type=\"container\">\n\t\t\t\t\t<div class=\"e-con-inner\">\n\t\t\t\t<div class=\"elementor-element elementor-element-765350d4 elementor-widget elementor-widget-text-editor\" data-id=\"765350d4\" data-element_type=\"widget\" data-widget_type=\"text-editor.default\">\n\t\t\t\t<div class=\"elementor-widget-container\">\n\t\t\t\t\t\t\t\t\t\r\n<p data-pm-slice=\"1 1 []\"><strong>Polityka prywatno\u015bci<\/strong><\/p>\r\n<p>Data wej\u015bcia w \u017cycie: 1 stycznia 2025<\/p>\r\n<p>Witamy w LCTC (\u201emy\u201d, \u201enasz\u201d lub \u201enas\u201d).\u00a0<a>https:\/\/www.lctc-group.com\/<\/a>\u00a0(\u201eWitryna\u201d).<\/p>\r\n<h3 class=\"wp-block-heading\">1. Zbieramy informacje<\/h3>\r\n<p>Zbieramy r\u00f3\u017cne rodzaje informacji, aby zapewni\u0107 i ulepszy\u0107 nasze us\u0142ugi, w tym:<\/p>\r\n<h4>A.<\/h4>\r\n<p>Mo\u017cemy zbiera\u0107 informacje osobowe, takie jak:<\/p>\r\n<ul data-spread=\"false\">\r\n<li>\r\n<p>Nazwa<\/p>\r\n<\/li>\r\n<li>\r\n<p>Adres e -mail<\/p>\r\n<\/li>\r\n<li>\r\n<p>Numer telefonu<\/p>\r\n<\/li>\r\n<li>\r\n<p>Nazwa firmy<\/p>\r\n<\/li>\r\n<li>\r\n<p>Wszelkie inne informacje, kt\u00f3re nam dobrowolnie przekazujesz<\/p>\r\n<\/li>\r\n<\/ul>\r\n<h4>B.<\/h4>\r\n<p>Mo\u017cemy r\u00f3wnie\u017c zbiera\u0107 informacje nieosobowe, takie jak:<\/p>\r\n<ul data-spread=\"false\">\r\n<li>\r\n<p>Typ przegl\u0105darki<\/p>\r\n<\/li>\r\n<li>\r\n<p>Adres IP<\/p>\r\n<\/li>\r\n<li>\r\n<p>Informacje o urz\u0105dzeniu<\/p>\r\n<\/li>\r\n<li>\r\n<p>Pliki cookie i technologie \u015bledzenia<\/p>\r\n<\/li>\r\n<li>\r\n<p>Dane dotycz\u0105ce u\u017cytkowania witryny<\/p>\r\n<\/li>\r\n<\/ul>\r\n<h3>2. Jak wykorzystujemy Twoje informacje<\/h3>\r\n<p>U\u017cywamy zebranych informacji do nast\u0119puj\u0105cych cel\u00f3w:<\/p>\r\n<ul data-spread=\"false\">\r\n<li>\r\n<p>Aby zapewni\u0107 i utrzymywa\u0107 nasze us\u0142ugi<\/p>\r\n<\/li>\r\n<li>\r\n<p>Aby ulepszy\u0107 i spersonalizowa\u0107 wra\u017cenia u\u017cytkownika<\/p>\r\n<\/li>\r\n<li>\r\n<p>Komunikowa\u0107 si\u0119 z tob\u0105, w tym odpowiadanie na zapytania i dostarczanie aktualizacji<\/p>\r\n<\/li>\r\n<li>\r\n<p>Aby przeanalizowa\u0107 korzystanie z witryny i ulepszy\u0107 nasz\u0105 witryn\u0119<\/p>\r\n<\/li>\r\n<li>\r\n<p>Aby spe\u0142ni\u0107 obowi\u0105zki prawne<\/p>\r\n<\/li>\r\n<\/ul>\r\n<h3>3. Udost\u0119pnianie i ujawnienie informacji<\/h3>\r\n<p>Nie sprzedajemy, nie handlujemy ani nie wynajmujemy danych osobowych stronom trzecim.<\/p>\r\n<ul data-spread=\"false\">\r\n<li>\r\n<p><strong>Z dostawcami us\u0142ug<\/strong>: Mo\u017cemy udost\u0119pnia\u0107 dane zewn\u0119trznym dostawcom us\u0142ug, kt\u00f3rzy pomagaj\u0105 w obs\u0142udze naszej witryny i us\u0142ug.<\/p>\r\n<\/li>\r\n<li>\r\n<p><strong>Wymagania prawne<\/strong>: Mo\u017cemy ujawni\u0107 informacje, je\u015bli jest to wymagane przez prawo lub w celu ochrony naszych praw.<\/p>\r\n<\/li>\r\n<li>\r\n<p><strong>Transfery biznesowe<\/strong>: W przypadku po\u0142\u0105czenia, nabycia lub sprzeda\u017cy aktyw\u00f3w twoje informacje mog\u0105 zosta\u0107 przeniesione do nowego podmiotu.<\/p>\r\n<\/li>\r\n<\/ul>\r\n<h3>4. Pliki cookie i technologie \u015bledzenia<\/h3>\r\n<p>Nasza strona mo\u017ce korzysta\u0107 z plik\u00f3w cookie i podobnych technologii \u015bledzenia, aby poprawi\u0107 wra\u017cenia u\u017cytkownika.<\/p>\r\n<h3>5. Bezpiecze\u0144stwo danych<\/h3>\r\n<p>Wdra\u017camy odpowiednie \u015brodki bezpiecze\u0144stwa w celu ochrony danych osobowych przed nieautoryzowanym dost\u0119pem, zmian\u0105, ujawnieniem lub zniszczeniem.<\/p>\r\n<h3>6. Linki stron trzecich<\/h3>\r\n<p>Nasza strona mo\u017ce zawiera\u0107 linki do stron internetowych stron trzecich.<\/p>\r\n<h3>7. Twoje prawa i wybory<\/h3>\r\n<p>W zale\u017cno\u015bci od lokalizacji mo\u017cesz mie\u0107 pewne prawa dotycz\u0105ce swoich danych osobowych, w tym:<\/p>\r\n<ul data-spread=\"false\">\r\n<li>\r\n<p>Dost\u0119p, aktualizacja lub usuwanie informacji<\/p>\r\n<\/li>\r\n<li>\r\n<p>Rezygnacja z komunikacji marketingowej<\/p>\r\n<\/li>\r\n<li>\r\n<p>Ograniczenie lub sprzeciwianie si\u0119 przetwarzaniu danych<\/p>\r\n<\/li>\r\n<li>\r\n<p>Wycofanie zgody na gromadzenie danych<\/p>\r\n<\/li>\r\n<\/ul>\r\n<p>Aby skorzysta\u0107 z tych praw, skontaktuj si\u0119 z nami pod adresem\u00a0<a>hello@linkcharging.com<\/a>.<\/p>\r\n<h3>8. Zmiany w niniejszej Polityce prywatno\u015bci<\/h3>\r\n<p>Od czasu do czasu mo\u017cemy aktualizowa\u0107 niniejsz\u0105 Polityk\u0119 prywatno\u015bci.<\/p>\r\n<h3>9. Skontaktuj si\u0119 z nami<\/h3>\r\n<p>Je\u015bli masz jakie\u015b pytania lub obawy dotycz\u0105ce niniejszej Polityki prywatno\u015bci, skontaktuj si\u0119 z nami pod numerem:<\/p>\r\n<p>LCTC<br \/>Pok\u00f3j 3019, budynek 108b, nr 10a Jiuxianqiao North Road, Chaoyang District, Pekin, PRC<br \/>E-mail:\u00a0<a>hello@linkcharging.com<\/a><br \/>Telefon: 010 56019678<\/p>\r\n<p>Dzi\u0119kujemy za zaufanie LCTC z Twoimi informacjami.<\/p>\r\n\t\t\t\t\t\t\t\t<\/div>\n\t\t\t\t<\/div>\n\t\t\t\t\t<\/div>\n\t\t\t\t<\/div>\n\t\t\t\t<\/div>","protected":false},"excerpt":{"rendered":"<p>Polityka prywatno\u015bci Data wej\u015bcia w \u017cycie: 1 stycznia 2025 Witamy w LCTC (\u201emy\u201d, \u201enasz\u201d lub \u201enas\u201d).<\/p>","protected":false},"author":1,"featured_media":0,"parent":0,"menu_order":15,"comment_status":"closed","ping_status":"open","template":"elementor_canvas","meta":{"footnotes":""},"class_list":["post-3","page","type-page","status-publish","hentry"],"_links":{"self":[{"href":"https:\/\/www.lctc-group.com\/pl\/wp-json\/wp\/v2\/pages\/3","targetHints":{"allow":["GET"]}}],"collection":[{"href":"https:\/\/www.lctc-group.com\/pl\/wp-json\/wp\/v2\/pages"}],"about":[{"href":"https:\/\/www.lctc-group.com\/pl\/wp-json\/wp\/v2\/types\/page"}],"author":[{"embeddable":true,"href":"https:\/\/www.lctc-group.com\/pl\/wp-json\/wp\/v2\/users\/1"}],"replies":[{"embeddable":true,"href":"https:\/\/www.lctc-group.com\/pl\/wp-json\/wp\/v2\/comments?post=3"}],"version-history":[{"count":4,"href":"https:\/\/www.lctc-group.com\/pl\/wp-json\/wp\/v2\/pages\/3\/revisions"}],"predecessor-version":[{"id":1355,"href":"https:\/\/www.lctc-group.com\/pl\/wp-json\/wp\/v2\/pages\/3\/revisions\/1355"}],"wp:attachment":[{"href":"https:\/\/www.lctc-group.com\/pl\/wp-json\/wp\/v2\/media?parent=3"}],"curies":[{"name":"wp","href":"https:\/\/api.w.org\/{rel}","templated":true}]}}