{"id":3,"date":"2025-03-05T12:05:36","date_gmt":"2025-03-05T04:05:36","guid":{"rendered":"http:\/\/www.lctc-group.com\/?page_id=3"},"modified":"2025-03-28T11:46:17","modified_gmt":"2025-03-28T03:46:17","slug":"privacy-policy","status":"publish","type":"page","link":"https:\/\/www.lctc-group.com\/ro\/politica-de-confidentialitate\/","title":{"rendered":"Politica de confiden\u021bialitate"},"content":{"rendered":"<div data-elementor-type=\"wp-page\" data-elementor-id=\"3\" class=\"elementor elementor-3\" data-elementor-post-type=\"page\">\n\t\t\t\t<div class=\"elementor-element elementor-element-6c122b96 e-flex e-con-boxed e-con e-parent\" data-id=\"6c122b96\" data-element_type=\"container\">\n\t\t\t\t\t<div class=\"e-con-inner\">\n\t\t\t\t<div class=\"elementor-element elementor-element-765350d4 elementor-widget elementor-widget-text-editor\" data-id=\"765350d4\" data-element_type=\"widget\" data-widget_type=\"text-editor.default\">\n\t\t\t\t<div class=\"elementor-widget-container\">\n\t\t\t\t\t\t\t\t\t\r\n<p data-pm-slice=\"1 1 []\"><strong>Politica de confiden\u021bialitate<\/strong><\/p>\r\n<p>Data intr\u0103rii \u00een vigoare: 1 ianuarie 2025<\/p>\r\n<p>Bine a\u021bi venit la LCTC (\u201eNoi\u201d, \u201eno\u0219tri\u201d sau \u201enoi\u201d).\u00a0<a>https:\/\/www.lctc-group.com\/<\/a>\u00a0(\u201eSite\u201d).<\/p>\r\n<h3 class=\"wp-block-heading\">1. Informa\u021bii pe care le colect\u0103m<\/h3>\r\n<p>Colect\u0103m diferite tipuri de informa\u021bii pentru a oferi \u0219i \u00eembun\u0103t\u0103\u021bi serviciile noastre, inclusiv:<\/p>\r\n<h4>o.<\/h4>\r\n<p>Este posibil s\u0103 colect\u0103m informa\u021bii de identificare personal\u0103, cum ar fi:<\/p>\r\n<ul data-spread=\"false\">\r\n<li>\r\n<p>Nume<\/p>\r\n<\/li>\r\n<li>\r\n<p>Adresa de e-mail<\/p>\r\n<\/li>\r\n<li>\r\n<p>Num\u0103r de telefon<\/p>\r\n<\/li>\r\n<li>\r\n<p>Numele companiei<\/p>\r\n<\/li>\r\n<li>\r\n<p>Orice alte informa\u021bii pe care ni le furniza\u021bi voluntar<\/p>\r\n<\/li>\r\n<\/ul>\r\n<h4>b.<\/h4>\r\n<p>De asemenea, putem colecta informa\u021bii non-personale, cum ar fi:<\/p>\r\n<ul data-spread=\"false\">\r\n<li>\r\n<p>Tip browser<\/p>\r\n<\/li>\r\n<li>\r\n<p>Adresa IP<\/p>\r\n<\/li>\r\n<li>\r\n<p>Informa\u021bii despre dispozitiv<\/p>\r\n<\/li>\r\n<li>\r\n<p>Cookie -uri \u0219i tehnologii de urm\u0103rire<\/p>\r\n<\/li>\r\n<li>\r\n<p>Date de utilizare a site -ului web<\/p>\r\n<\/li>\r\n<\/ul>\r\n<h3>2. Cum folosim informa\u021biile dvs.<\/h3>\r\n<p>Folosim informa\u021biile colectate pentru urm\u0103toarele scopuri:<\/p>\r\n<ul data-spread=\"false\">\r\n<li>\r\n<p>Pentru a furniza \u0219i men\u021bine serviciile noastre<\/p>\r\n<\/li>\r\n<li>\r\n<p>Pentru a \u00eembun\u0103t\u0103\u021bi \u0219i personaliza experien\u021ba utilizatorului<\/p>\r\n<\/li>\r\n<li>\r\n<p>Pentru a comunica cu dvs., inclusiv r\u0103spunsul la \u00eentreb\u0103ri \u0219i furnizarea de actualiz\u0103ri<\/p>\r\n<\/li>\r\n<li>\r\n<p>Pentru a analiza utilizarea site -ului \u0219i a \u00eembun\u0103t\u0103\u021bi site -ul nostru<\/p>\r\n<\/li>\r\n<li>\r\n<p>S\u0103 se conformeze obliga\u021biilor legale<\/p>\r\n<\/li>\r\n<\/ul>\r\n<h3>3. Partajarea \u0219i dezv\u0103luirea informa\u021biilor<\/h3>\r\n<p>Nu vindem, nu comercializ\u0103m sau nu \u00eenchiriem informa\u021biile personale c\u0103tre ter\u021bi.<\/p>\r\n<ul data-spread=\"false\">\r\n<li>\r\n<p><strong>Cu furnizorii de servicii<\/strong>: Este posibil s\u0103 partaj\u0103m date cu furnizorii de servicii ter\u021bi care ajut\u0103 la operarea site-ului \u0219i serviciilor noastre.<\/p>\r\n<\/li>\r\n<li>\r\n<p><strong>Cerin\u021be legale<\/strong>: Putem dezv\u0103lui informa\u021bii dac\u0103 este solicitat de lege sau pentru a ne proteja drepturile legale.<\/p>\r\n<\/li>\r\n<li>\r\n<p><strong>Transferuri de afaceri<\/strong>: \u00cen caz de fuziune, achizi\u021bie sau v\u00e2nzare de active, informa\u021biile dvs. pot fi transferate unei noi entit\u0103\u021bi.<\/p>\r\n<\/li>\r\n<\/ul>\r\n<h3>4. Cookie -uri \u0219i tehnologii de urm\u0103rire<\/h3>\r\n<p>Site -ul nostru poate utiliza cookie -uri \u0219i tehnologii de urm\u0103rire similare pentru a \u00eembun\u0103t\u0103\u021bi experien\u021ba utilizatorului.<\/p>\r\n<h3>5. Securitatea datelor<\/h3>\r\n<p>Implement\u0103m m\u0103suri de securitate adecvate pentru a v\u0103 proteja datele personale de accesul, modificarea, divulgarea sau distrugerea neautorizate.<\/p>\r\n<h3>6. Link-uri ter\u021be<\/h3>\r\n<p>Site-ul nostru poate con\u021bine link-uri c\u0103tre site-uri web ter\u021be.<\/p>\r\n<h3>7. Drepturile \u0219i alegerile dvs.<\/h3>\r\n<p>\u00cen func\u021bie de loca\u021bia dvs., este posibil s\u0103 ave\u021bi anumite drepturi cu privire la datele dvs. personale, inclusiv:<\/p>\r\n<ul data-spread=\"false\">\r\n<li>\r\n<p>Accesarea, actualizarea sau \u0219tergerea informa\u021biilor dvs.<\/p>\r\n<\/li>\r\n<li>\r\n<p>Renun\u021b\u00e2nd la comunica\u021bii de marketing<\/p>\r\n<\/li>\r\n<li>\r\n<p>Restric\u021bionarea sau obiectarea la procesarea datelor<\/p>\r\n<\/li>\r\n<li>\r\n<p>Retragerea consim\u021b\u0103m\u00e2ntului pentru colectarea datelor<\/p>\r\n<\/li>\r\n<\/ul>\r\n<p>Pentru a exercita aceste drepturi, v\u0103 rug\u0103m s\u0103 ne contacta\u021bi la\u00a0<a>hello@linkcharging.com<\/a>.<\/p>\r\n<h3>8. Modific\u0103ri ale acestei politici de confiden\u021bialitate<\/h3>\r\n<p>Putem actualiza aceast\u0103 politic\u0103 de confiden\u021bialitate din c\u00e2nd \u00een c\u00e2nd.<\/p>\r\n<h3>9. Contacta\u021bi -ne<\/h3>\r\n<p>Dac\u0103 ave\u021bi \u00eentreb\u0103ri sau nel\u0103muriri cu privire la aceast\u0103 politic\u0103 de confiden\u021bialitate, v\u0103 rug\u0103m s\u0103 ne contacta\u021bi la:<\/p>\r\n<p>LCTC<br \/>Camera 3019, cl\u0103direa 108b, nr. 10A Jiuxianqiao North Road, districtul Chaoyang, Beijing, PRC<br \/>E-mail:\u00a0<a>hello@linkcharging.com<\/a><br \/>Telefon: 010 56019678<\/p>\r\n<p>V\u0103 mul\u021bumim c\u0103 a\u021bi avut \u00eencredere \u00een LCTC cu informa\u021biile dvs.<\/p>\r\n\t\t\t\t\t\t\t\t<\/div>\n\t\t\t\t<\/div>\n\t\t\t\t\t<\/div>\n\t\t\t\t<\/div>\n\t\t\t\t<\/div>","protected":false},"excerpt":{"rendered":"<p>Politica de confiden\u021bialitate Data intr\u0103rii \u00een vigoare: 1 ianuarie 2025 Bine a\u021bi venit la LCTC (\u201eNoi\u201d, \u201eOur\u201d sau \u201enoi\u201d).<\/p>","protected":false},"author":1,"featured_media":0,"parent":0,"menu_order":15,"comment_status":"closed","ping_status":"open","template":"elementor_canvas","meta":{"footnotes":""},"class_list":["post-3","page","type-page","status-publish","hentry"],"_links":{"self":[{"href":"https:\/\/www.lctc-group.com\/ro\/wp-json\/wp\/v2\/pages\/3","targetHints":{"allow":["GET"]}}],"collection":[{"href":"https:\/\/www.lctc-group.com\/ro\/wp-json\/wp\/v2\/pages"}],"about":[{"href":"https:\/\/www.lctc-group.com\/ro\/wp-json\/wp\/v2\/types\/page"}],"author":[{"embeddable":true,"href":"https:\/\/www.lctc-group.com\/ro\/wp-json\/wp\/v2\/users\/1"}],"replies":[{"embeddable":true,"href":"https:\/\/www.lctc-group.com\/ro\/wp-json\/wp\/v2\/comments?post=3"}],"version-history":[{"count":4,"href":"https:\/\/www.lctc-group.com\/ro\/wp-json\/wp\/v2\/pages\/3\/revisions"}],"predecessor-version":[{"id":1355,"href":"https:\/\/www.lctc-group.com\/ro\/wp-json\/wp\/v2\/pages\/3\/revisions\/1355"}],"wp:attachment":[{"href":"https:\/\/www.lctc-group.com\/ro\/wp-json\/wp\/v2\/media?parent=3"}],"curies":[{"name":"wp","href":"https:\/\/api.w.org\/{rel}","templated":true}]}}