{"id":3,"date":"2025-03-05T12:05:36","date_gmt":"2025-03-05T04:05:36","guid":{"rendered":"http:\/\/www.lctc-group.com\/?page_id=3"},"modified":"2025-03-28T11:46:17","modified_gmt":"2025-03-28T03:46:17","slug":"privacy-policy","status":"publish","type":"page","link":"https:\/\/www.lctc-group.com\/sk\/zasady-ochrany-osobnych-udajov\/","title":{"rendered":"Z\u00e1sady ochrany osobn\u00fdch \u00fadajov"},"content":{"rendered":"<div data-elementor-type=\"wp-page\" data-elementor-id=\"3\" class=\"elementor elementor-3\" data-elementor-post-type=\"page\">\n\t\t\t\t<div class=\"elementor-element elementor-element-6c122b96 e-flex e-con-boxed e-con e-parent\" data-id=\"6c122b96\" data-element_type=\"container\">\n\t\t\t\t\t<div class=\"e-con-inner\">\n\t\t\t\t<div class=\"elementor-element elementor-element-765350d4 elementor-widget elementor-widget-text-editor\" data-id=\"765350d4\" data-element_type=\"widget\" data-widget_type=\"text-editor.default\">\n\t\t\t\t<div class=\"elementor-widget-container\">\n\t\t\t\t\t\t\t\t\t\r\n<p data-pm-slice=\"1 1 []\"><strong>Z\u00e1sady ochrany osobn\u00fdch \u00fadajov<\/strong><\/p>\r\n<p>D\u00e1tum \u00fa\u010dinnosti: 1. janu\u00e1ra 2025<\/p>\r\n<p>Vitajte v LCTC (\u201eMy\u201c, \u201en\u00e1\u0161\u201c alebo \u201en\u00e1s\u201c).\u00a0<a>https:\/\/www.lctc-group.com\/<\/a>\u00a0(\u201eStr\u00e1nka\u201c).<\/p>\r\n<h3 class=\"wp-block-heading\">1. Inform\u00e1cie, ktor\u00e9 zhroma\u017e\u010fujeme<\/h3>\r\n<p>Zhroma\u017e\u010fujeme r\u00f4zne typy inform\u00e1ci\u00ed, aby sme poskytovali a vylep\u0161ili na\u0161e slu\u017eby vr\u00e1tane:<\/p>\r\n<h4>a.<\/h4>\r\n<p>M\u00f4\u017eeme zhroma\u017e\u010fova\u0165 inform\u00e1cie identifikovate\u013en\u00e9 os\u00f4b, napr\u00edklad:<\/p>\r\n<ul data-spread=\"false\">\r\n<li>\r\n<p>Menova\u0165<\/p>\r\n<\/li>\r\n<li>\r\n<p>E -mailov\u00e1 adresa<\/p>\r\n<\/li>\r\n<li>\r\n<p>Telef\u00f3nne \u010d\u00edslo<\/p>\r\n<\/li>\r\n<li>\r\n<p>N\u00e1zov spolo\u010dnosti<\/p>\r\n<\/li>\r\n<li>\r\n<p>Ak\u00e9ko\u013evek \u010fal\u0161ie inform\u00e1cie, ktor\u00e9 n\u00e1m dobrovo\u013ene poskytnete<\/p>\r\n<\/li>\r\n<\/ul>\r\n<h4>b.<\/h4>\r\n<p>M\u00f4\u017eeme tie\u017e zhroma\u017e\u010fova\u0165 neosobn\u00e9 inform\u00e1cie, napr\u00edklad:<\/p>\r\n<ul data-spread=\"false\">\r\n<li>\r\n<p>Typ prehliada\u010da<\/p>\r\n<\/li>\r\n<li>\r\n<p>IP<\/p>\r\n<\/li>\r\n<li>\r\n<p>Inform\u00e1cie<\/p>\r\n<\/li>\r\n<li>\r\n<p>Cookies a technol\u00f3gie sledovania<\/p>\r\n<\/li>\r\n<li>\r\n<p>\u00dadaje o pou\u017e\u00edvan\u00ed webov\u00fdch str\u00e1nok<\/p>\r\n<\/li>\r\n<\/ul>\r\n<h3>2. Ako pou\u017e\u00edvame va\u0161e inform\u00e1cie<\/h3>\r\n<p>Zhroma\u017eden\u00e9 inform\u00e1cie pou\u017e\u00edvame na tieto \u00fa\u010dely:<\/p>\r\n<ul data-spread=\"false\">\r\n<li>\r\n<p>Poskytova\u0165 a udr\u017eiava\u0165 na\u0161e slu\u017eby<\/p>\r\n<\/li>\r\n<li>\r\n<p>Vylep\u0161i\u0165 a prisp\u00f4sobi\u0165 pou\u017e\u00edvate\u013esk\u00e9 sk\u00fasenosti<\/p>\r\n<\/li>\r\n<li>\r\n<p>Komunikova\u0165 s vami, vr\u00e1tane odpovede na ot\u00e1zky a poskytovania aktualiz\u00e1ci\u00ed<\/p>\r\n<\/li>\r\n<li>\r\n<p>Analyzova\u0165 pou\u017e\u00edvanie webov\u00fdch str\u00e1nok a vylep\u0161i\u0165 na\u0161e str\u00e1nky<\/p>\r\n<\/li>\r\n<li>\r\n<p>Dodr\u017eiava\u0165 pr\u00e1vne povinnosti<\/p>\r\n<\/li>\r\n<\/ul>\r\n<h3>3. Zdie\u013eanie a zverejnenie inform\u00e1ci\u00ed<\/h3>\r\n<p>Nepred\u00e1vame, neobchodujeme ani nepo\u017ei\u010d\u00edme va\u0161e osobn\u00e9 inform\u00e1cie tret\u00edm stran\u00e1m.<\/p>\r\n<ul data-spread=\"false\">\r\n<li>\r\n<p><strong>S poskytovate\u013emi slu\u017eieb<\/strong>: M\u00f4\u017eeme zdie\u013ea\u0165 \u00fadaje s poskytovate\u013emi slu\u017eieb tret\u00edch str\u00e1n, ktor\u00ed pom\u00e1haj\u00fa pri prev\u00e1dzkovan\u00ed na\u0161ich str\u00e1nok a slu\u017eieb.<\/p>\r\n<\/li>\r\n<li>\r\n<p><strong>Z\u00e1konn\u00e9 po\u017eiadavky<\/strong>: M\u00f4\u017eeme zverejni\u0165 inform\u00e1cie, ak to vy\u017eaduje z\u00e1kon alebo chr\u00e1ni na\u0161e z\u00e1konn\u00e9 pr\u00e1va.<\/p>\r\n<\/li>\r\n<li>\r\n<p><strong>Obchodn\u00e9 prevody<\/strong>: V pr\u00edpade f\u00fazie, akviz\u00edcie alebo predaja akt\u00edv sa va\u0161e inform\u00e1cie m\u00f4\u017eu prenies\u0165 na nov\u00fd subjekt.<\/p>\r\n<\/li>\r\n<\/ul>\r\n<h3>4. Cookies a technol\u00f3gie sledovania<\/h3>\r\n<p>Na\u0161a str\u00e1nka m\u00f4\u017ee pou\u017e\u00edva\u0165 s\u00fabory cookie a podobn\u00fdch technol\u00f3gi\u00ed sledovania na zlep\u0161enie sk\u00fasenost\u00ed pou\u017e\u00edvate\u013ea.<\/p>\r\n<h3>5. Zabezpe\u010denie \u00fadajov<\/h3>\r\n<p>Implementujeme vhodn\u00e9 bezpe\u010dnostn\u00e9 opatrenia na ochranu va\u0161ich osobn\u00fdch \u00fadajov pred neopr\u00e1vnen\u00fdm pr\u00edstupom, zmenou, zverej\u0148ovan\u00edm alebo zni\u010den\u00edm.<\/p>\r\n<h3>6. Odkazy tret\u00edch str\u00e1n<\/h3>\r\n<p>Na\u0161a str\u00e1nka m\u00f4\u017ee obsahova\u0165 odkazy na webov\u00e9 str\u00e1nky tret\u00edch str\u00e1n.<\/p>\r\n<h3>7. Va\u0161e pr\u00e1va a mo\u017enosti<\/h3>\r\n<p>V z\u00e1vislosti od va\u0161ej polohy m\u00f4\u017eete ma\u0165 ur\u010dit\u00e9 pr\u00e1va t\u00fdkaj\u00face sa va\u0161ich osobn\u00fdch \u00fadajov vr\u00e1tane:<\/p>\r\n<ul data-spread=\"false\">\r\n<li>\r\n<p>Pr\u00edstup, aktualiz\u00e1cia alebo odstr\u00e1nenie va\u0161ich inform\u00e1ci\u00ed<\/p>\r\n<\/li>\r\n<li>\r\n<p>Odstr\u00e1nenie z marketingovej komunik\u00e1cie<\/p>\r\n<\/li>\r\n<li>\r\n<p>Obmedzenie alebo n\u00e1mietky na spracovanie \u00fadajov<\/p>\r\n<\/li>\r\n<li>\r\n<p>Stiahnutie s\u00fahlasu na zber \u00fadajov<\/p>\r\n<\/li>\r\n<\/ul>\r\n<p>Ak chcete tieto pr\u00e1va vykon\u00e1va\u0165, kontaktujte n\u00e1s\u00a0<a>hello@linkcharging.com<\/a>.<\/p>\r\n<h3>8. Zmeny v t\u00fdchto z\u00e1sad\u00e1ch ochrany osobn\u00fdch \u00fadajov<\/h3>\r\n<p>Tieto z\u00e1sady ochrany osobn\u00fdch \u00fadajov m\u00f4\u017eeme z \u010dasu na \u010das aktualizova\u0165.<\/p>\r\n<h3>9. Kontaktujte n\u00e1s<\/h3>\r\n<p>Ak m\u00e1te ak\u00e9ko\u013evek ot\u00e1zky alebo obavy t\u00fdkaj\u00face sa t\u00fdchto z\u00e1sad ochrany osobn\u00fdch \u00fadajov, kontaktujte n\u00e1s na adrese:<\/p>\r\n<p>LCTC<br \/>Izba 3019, budova 108b, \u010d. 10a Jiuxianqiao North Road, okres Chaoyang, Peking, \u010c\u013dR<br \/>E -mail:\u00a0<a>hello@linkcharging.com<\/a><br \/>Telef\u00f3n: 010 56019678<\/p>\r\n<p>\u010eakujeme, \u017ee ste d\u00f4verovali LCTC s va\u0161imi inform\u00e1ciami.<\/p>\r\n\t\t\t\t\t\t\t\t<\/div>\n\t\t\t\t<\/div>\n\t\t\t\t\t<\/div>\n\t\t\t\t<\/div>\n\t\t\t\t<\/div>","protected":false},"excerpt":{"rendered":"<p>D\u00e1tum \u00fa\u010dinnosti ochrany osobn\u00fdch \u00fadajov: 1. janu\u00e1ra 2025 Vitajte v LCTC (\u201eMy\u201c, \u201en\u00e1\u0161\u201c alebo \u201en\u00e1s\u201c).<\/p>","protected":false},"author":1,"featured_media":0,"parent":0,"menu_order":15,"comment_status":"closed","ping_status":"open","template":"elementor_canvas","meta":{"footnotes":""},"class_list":["post-3","page","type-page","status-publish","hentry"],"_links":{"self":[{"href":"https:\/\/www.lctc-group.com\/sk\/wp-json\/wp\/v2\/pages\/3","targetHints":{"allow":["GET"]}}],"collection":[{"href":"https:\/\/www.lctc-group.com\/sk\/wp-json\/wp\/v2\/pages"}],"about":[{"href":"https:\/\/www.lctc-group.com\/sk\/wp-json\/wp\/v2\/types\/page"}],"author":[{"embeddable":true,"href":"https:\/\/www.lctc-group.com\/sk\/wp-json\/wp\/v2\/users\/1"}],"replies":[{"embeddable":true,"href":"https:\/\/www.lctc-group.com\/sk\/wp-json\/wp\/v2\/comments?post=3"}],"version-history":[{"count":4,"href":"https:\/\/www.lctc-group.com\/sk\/wp-json\/wp\/v2\/pages\/3\/revisions"}],"predecessor-version":[{"id":1355,"href":"https:\/\/www.lctc-group.com\/sk\/wp-json\/wp\/v2\/pages\/3\/revisions\/1355"}],"wp:attachment":[{"href":"https:\/\/www.lctc-group.com\/sk\/wp-json\/wp\/v2\/media?parent=3"}],"curies":[{"name":"wp","href":"https:\/\/api.w.org\/{rel}","templated":true}]}}