{"id":3,"date":"2025-03-05T12:05:36","date_gmt":"2025-03-05T04:05:36","guid":{"rendered":"http:\/\/www.lctc-group.com\/?page_id=3"},"modified":"2025-03-28T11:46:17","modified_gmt":"2025-03-28T03:46:17","slug":"privacy-policy","status":"publish","type":"page","link":"https:\/\/www.lctc-group.com\/sl\/politika-zasebnosti\/","title":{"rendered":"Politika zasebnosti"},"content":{"rendered":"<div data-elementor-type=\"wp-page\" data-elementor-id=\"3\" class=\"elementor elementor-3\" data-elementor-post-type=\"page\">\n\t\t\t\t<div class=\"elementor-element elementor-element-6c122b96 e-flex e-con-boxed e-con e-parent\" data-id=\"6c122b96\" data-element_type=\"container\">\n\t\t\t\t\t<div class=\"e-con-inner\">\n\t\t\t\t<div class=\"elementor-element elementor-element-765350d4 elementor-widget elementor-widget-text-editor\" data-id=\"765350d4\" data-element_type=\"widget\" data-widget_type=\"text-editor.default\">\n\t\t\t\t<div class=\"elementor-widget-container\">\n\t\t\t\t\t\t\t\t\t\r\n<p data-pm-slice=\"1 1 []\"><strong>Politika zasebnosti<\/strong><\/p>\r\n<p>Datum veljavnosti: 1. januar 2025<\/p>\r\n<p>Dobrodo\u0161li v LCTC (\"mi\", \"na\u0161i\" ali \"mi\").\u00a0<a>https:\/\/www.lctc-group.com\/<\/a>\u00a0(\"Spletna stran\").<\/p>\r\n<h3 class=\"wp-block-heading\">1. informacije, ki jih zbiramo<\/h3>\r\n<p>Zbiramo razli\u010dne vrste informacij za zagotavljanje in izbolj\u0161anje na\u0161ih storitev, vklju\u010dno z:<\/p>\r\n<h4>a.<\/h4>\r\n<p>Lahko zbiramo osebno prepoznavne podatke, na primer:<\/p>\r\n<ul data-spread=\"false\">\r\n<li>\r\n<p>Ime<\/p>\r\n<\/li>\r\n<li>\r\n<p>E -po\u0161tni naslov<\/p>\r\n<\/li>\r\n<li>\r\n<p>Telefonska \u0161tevilka<\/p>\r\n<\/li>\r\n<li>\r\n<p>Ime podjetja<\/p>\r\n<\/li>\r\n<li>\r\n<p>Vse druge informacije, ki nam jih prostovoljno posredujete<\/p>\r\n<\/li>\r\n<\/ul>\r\n<h4>b.<\/h4>\r\n<p>Lahko zbiramo tudi neosebne informacije, na primer:<\/p>\r\n<ul data-spread=\"false\">\r\n<li>\r\n<p>Vrsta brskalnika<\/p>\r\n<\/li>\r\n<li>\r\n<p>IP naslov<\/p>\r\n<\/li>\r\n<li>\r\n<p>Informacije naprave<\/p>\r\n<\/li>\r\n<li>\r\n<p>Pi\u0161kotki in tehnologije sledenja<\/p>\r\n<\/li>\r\n<li>\r\n<p>Podatki o uporabi spletnega mesta<\/p>\r\n<\/li>\r\n<\/ul>\r\n<h3>2. Kako uporabljamo va\u0161e podatke<\/h3>\r\n<p>Zbrane podatke uporabljamo za naslednje namene:<\/p>\r\n<ul data-spread=\"false\">\r\n<li>\r\n<p>Zagotoviti in vzdr\u017eevati na\u0161e storitve<\/p>\r\n<\/li>\r\n<li>\r\n<p>Izbolj\u0161ati in prilagoditi uporabni\u0161ko izku\u0161njo<\/p>\r\n<\/li>\r\n<li>\r\n<p>Komunicirati z vami, vklju\u010dno z odzivanjem na poizvedbe in zagotavljanjem posodobitev<\/p>\r\n<\/li>\r\n<li>\r\n<p>Za analizo uporabe spletnega mesta in izbolj\u0161anje na\u0161ega spletnega mesta<\/p>\r\n<\/li>\r\n<li>\r\n<p>Izpolnjevati pravne obveznosti<\/p>\r\n<\/li>\r\n<\/ul>\r\n<h3>3. Skupna raba in razkritje informacij<\/h3>\r\n<p>Va\u0161ih osebnih podatkov ne prodajamo, trgujemo ali najemamo tretjim osebam.<\/p>\r\n<ul data-spread=\"false\">\r\n<li>\r\n<p><strong>S ponudniki storitev<\/strong>: Podatke lahko delimo s tretjimi ponudniki storitev, ki pomagajo pri upravljanju na\u0161ega spletnega mesta in storitev.<\/p>\r\n<\/li>\r\n<li>\r\n<p><strong>Zakonske zahteve<\/strong>: Lahko razkrijemo informacije, \u010de to zahteva zakon ali za\u0161\u010ditimo na\u0161e zakonske pravice.<\/p>\r\n<\/li>\r\n<li>\r\n<p><strong>Poslovni prenosi<\/strong>: V primeru zdru\u017eitve, pridobitve ali prodaje sredstev se lahko va\u0161i podatki prenesejo v novo podjetje.<\/p>\r\n<\/li>\r\n<\/ul>\r\n<h3>4. pi\u0161kotki in tehnologije sledenja<\/h3>\r\n<p>Na\u0161e spletno mesto lahko za izbolj\u0161anje uporabni\u0161ke izku\u0161nje uporablja pi\u0161kotke in podobne tehnologije sledenja.<\/p>\r\n<h3>5. Varnost podatkov<\/h3>\r\n<p>Izvajamo ustrezne varnostne ukrepe za za\u0161\u010dito va\u0161ih osebnih podatkov pred nepoobla\u0161\u010denim dostopom, spreminjanjem, razkritjem ali uni\u010denjem.<\/p>\r\n<h3>6. povezave tretjih oseb<\/h3>\r\n<p>Na\u0161e spletno mesto lahko vsebuje povezave do spletnih mest drugih proizvajalcev.<\/p>\r\n<h3>7. Va\u0161e pravice in odlo\u010ditve<\/h3>\r\n<p>Glede na va\u0161o lokacijo boste morda imeli dolo\u010dene pravice glede svojih osebnih podatkov, vklju\u010dno z:<\/p>\r\n<ul data-spread=\"false\">\r\n<li>\r\n<p>Dostop, posodabljanje ali brisanje svojih podatkov<\/p>\r\n<\/li>\r\n<li>\r\n<p>Odpoved tr\u017ene komunikacije<\/p>\r\n<\/li>\r\n<li>\r\n<p>Omejitev ali nasprotovanje obdelavi podatkov<\/p>\r\n<\/li>\r\n<li>\r\n<p>Odvzem soglasja za zbiranje podatkov<\/p>\r\n<\/li>\r\n<\/ul>\r\n<p>\u010ce \u017eelite uveljaviti te pravice, nas kontaktirajte na\u00a0<a>hello@linkcharging.com<\/a>.<\/p>\r\n<h3>8. Spremembe tega pravilnika o zasebnosti<\/h3>\r\n<p>Ta pravilnik o zasebnosti lahko ob\u010dasno posodobimo.<\/p>\r\n<h3>9. Pi\u0161ite nam<\/h3>\r\n<p>\u010ce imate kakr\u0161na koli vpra\u0161anja ali pomisleke glede tega pravilnika o zasebnosti, nas kontaktirajte na:<\/p>\r\n<p>LCTC<br \/>Soba 3019, stavba 108B, \u0161t. 10A Jiuxianqiao North Road, okro\u017eje Chaoyang, Peking, prc<br \/>E -po\u0161tni:\u00a0<a>hello@linkcharging.com<\/a><br \/>Telefon: 010 56019678<\/p>\r\n<p>Hvala, ker ste zaupali LCTC z va\u0161imi podatki.<\/p>\r\n\t\t\t\t\t\t\t\t<\/div>\n\t\t\t\t<\/div>\n\t\t\t\t\t<\/div>\n\t\t\t\t<\/div>\n\t\t\t\t<\/div>","protected":false},"excerpt":{"rendered":"<p>U\u010dinek veljavnosti politike zasebnosti: 1. januar 2025 Dobrodo\u0161li v LCTC (\"mi\", \"na\u0161i\" ali \"mi\").<\/p>","protected":false},"author":1,"featured_media":0,"parent":0,"menu_order":15,"comment_status":"closed","ping_status":"open","template":"elementor_canvas","meta":{"footnotes":""},"class_list":["post-3","page","type-page","status-publish","hentry"],"_links":{"self":[{"href":"https:\/\/www.lctc-group.com\/sl\/wp-json\/wp\/v2\/pages\/3","targetHints":{"allow":["GET"]}}],"collection":[{"href":"https:\/\/www.lctc-group.com\/sl\/wp-json\/wp\/v2\/pages"}],"about":[{"href":"https:\/\/www.lctc-group.com\/sl\/wp-json\/wp\/v2\/types\/page"}],"author":[{"embeddable":true,"href":"https:\/\/www.lctc-group.com\/sl\/wp-json\/wp\/v2\/users\/1"}],"replies":[{"embeddable":true,"href":"https:\/\/www.lctc-group.com\/sl\/wp-json\/wp\/v2\/comments?post=3"}],"version-history":[{"count":4,"href":"https:\/\/www.lctc-group.com\/sl\/wp-json\/wp\/v2\/pages\/3\/revisions"}],"predecessor-version":[{"id":1355,"href":"https:\/\/www.lctc-group.com\/sl\/wp-json\/wp\/v2\/pages\/3\/revisions\/1355"}],"wp:attachment":[{"href":"https:\/\/www.lctc-group.com\/sl\/wp-json\/wp\/v2\/media?parent=3"}],"curies":[{"name":"wp","href":"https:\/\/api.w.org\/{rel}","templated":true}]}}